{"id":778,"date":"2025-06-12T17:33:07","date_gmt":"2025-06-12T15:33:07","guid":{"rendered":"https:\/\/nakfitbcn.com\/?page_id=778"},"modified":"2025-06-12T17:33:08","modified_gmt":"2025-06-12T15:33:08","slug":"entreno-empresas","status":"publish","type":"page","link":"https:\/\/nakfitbcn.com\/es\/entreno-empresas\/","title":{"rendered":"Entreno empresas"},"content":{"rendered":"\n<figure class=\"wp-block-image size-full\"><img fetchpriority=\"high\" decoding=\"async\" width=\"875\" height=\"583\" src=\"https:\/\/nakfitbcn.com\/wp-content\/uploads\/2017\/08\/entrenar-aire-libre.jpg\" alt=\"entrenar en barcelona al aire libre\" class=\"wp-image-79\" srcset=\"https:\/\/nakfitbcn.com\/wp-content\/uploads\/2017\/08\/entrenar-aire-libre.jpg 875w, https:\/\/nakfitbcn.com\/wp-content\/uploads\/2017\/08\/entrenar-aire-libre-300x200.jpg 300w, https:\/\/nakfitbcn.com\/wp-content\/uploads\/2017\/08\/entrenar-aire-libre-768x512.jpg 768w\" sizes=\"(max-width: 875px) 100vw, 875px\" \/><\/figure>\n\n\n\n<p>En NakfitBCN dise\u00f1amos <strong>entrenamientos corporativos personalizados<\/strong> que fomentan el bienestar f\u00edsico y mental, fortalecen la cohesi\u00f3n del equipo y mejoran el ambiente laboral. Cada sesi\u00f3n se adapta a las necesidades del grupo y los objetivos de la empresa, con un enfoque profesional y cercano.<\/p>\n\n\n\n<p>Nuestros entrenamientos combinan <strong>variedad de ejercicios<\/strong>, <strong>din\u00e1micas de equipo<\/strong>, diferentes materiales y <strong>localizaciones<\/strong> (indoor \/ outdoor) para que los participantes se mantengan activos, conectados y motivados. Apostamos por experiencias que refuercen <strong>la energ\u00eda colectiva<\/strong>, <strong>reduzcan el estr\u00e9s<\/strong> y <strong>potencien la colaboraci\u00f3n<\/strong> en un entorno saludable y din\u00e1mico.<\/p>\n\n\n\n<p><span style=\"font-weight: 400;\">Sesiones de 30 o 60 minutos.<\/span><\/p>\n\n\n\n<p class=\"has-text-align-center\"><a class=\"button\" href=\"https:\/\/nakfitbcn.com\/tarifas-2018\/\">\u00a1Consulta ahora nuestras tarifas!<\/a><\/p>\n","protected":false},"excerpt":{"rendered":"<p>En NakfitBCN dise\u00f1amos entrenamientos corporativos personalizados que fomentan el bienestar f\u00edsico y mental, fortalecen la cohesi\u00f3n del equipo y mejoran el ambiente laboral. Cada sesi\u00f3n se adapta a las necesidades [&hellip;]<\/p>\n","protected":false},"author":6,"featured_media":0,"parent":0,"menu_order":0,"comment_status":"closed","ping_status":"closed","template":"","meta":{"_monsterinsights_skip_tracking":false,"_monsterinsights_sitenote_active":false,"_monsterinsights_sitenote_note":"","_monsterinsights_sitenote_category":0,"_genesis_hide_title":false,"_genesis_hide_breadcrumbs":false,"_genesis_hide_singular_image":false,"_genesis_hide_footer_widgets":false,"_genesis_custom_body_class":"","_genesis_custom_post_class":"","_genesis_layout":"","footnotes":""},"class_list":["post-778","page","type-page","status-publish","entry"],"yoast_head":"<!-- This site is optimized with the Yoast SEO plugin v26.0 - https:\/\/yoast.com\/wordpress\/plugins\/seo\/ -->\n<title>Entreno empresas - NAKFIT bcn<\/title>\n<meta name=\"robots\" content=\"index, follow, max-snippet:-1, max-image-preview:large, max-video-preview:-1\" \/>\n<link rel=\"canonical\" href=\"https:\/\/nakfitbcn.com\/es\/entreno-empresas\/\" \/>\n<meta property=\"og:locale\" content=\"es_ES\" \/>\n<meta property=\"og:type\" content=\"article\" \/>\n<meta property=\"og:title\" content=\"Entreno empresas - NAKFIT bcn\" \/>\n<meta property=\"og:description\" content=\"En NakfitBCN dise\u00f1amos entrenamientos corporativos personalizados que fomentan el bienestar f\u00edsico y mental, fortalecen la cohesi\u00f3n del equipo y mejoran el ambiente laboral. Cada sesi\u00f3n se adapta a las necesidades [&hellip;]\" \/>\n<meta property=\"og:url\" content=\"https:\/\/nakfitbcn.com\/es\/entreno-empresas\/\" \/>\n<meta property=\"og:site_name\" content=\"NAKFIT bcn\" \/>\n<meta property=\"article:modified_time\" content=\"2025-06-12T15:33:08+00:00\" \/>\n<meta property=\"og:image\" content=\"https:\/\/nakfitbcn.com\/wp-content\/uploads\/2017\/08\/entrenar-aire-libre.jpg\" \/>\n\t<meta property=\"og:image:width\" content=\"875\" \/>\n\t<meta property=\"og:image:height\" content=\"583\" \/>\n\t<meta property=\"og:image:type\" content=\"image\/jpeg\" \/>\n<meta name=\"twitter:card\" content=\"summary_large_image\" \/>\n<meta name=\"twitter:label1\" content=\"Tiempo de lectura\" \/>\n\t<meta name=\"twitter:data1\" content=\"1 minuto\" \/>\n<script type=\"application\/ld+json\" class=\"yoast-schema-graph\">{\"@context\":\"https:\/\/schema.org\",\"@graph\":[{\"@type\":\"WebPage\",\"@id\":\"https:\/\/nakfitbcn.com\/es\/entreno-empresas\/\",\"url\":\"https:\/\/nakfitbcn.com\/es\/entreno-empresas\/\",\"name\":\"Entreno empresas - NAKFIT bcn\",\"isPartOf\":{\"@id\":\"https:\/\/nakfitbcn.com\/es\/#website\"},\"primaryImageOfPage\":{\"@id\":\"https:\/\/nakfitbcn.com\/es\/entreno-empresas\/#primaryimage\"},\"image\":{\"@id\":\"https:\/\/nakfitbcn.com\/es\/entreno-empresas\/#primaryimage\"},\"thumbnailUrl\":\"https:\/\/nakfitbcn.com\/wp-content\/uploads\/2017\/08\/entrenar-aire-libre.jpg\",\"datePublished\":\"2025-06-12T15:33:07+00:00\",\"dateModified\":\"2025-06-12T15:33:08+00:00\",\"breadcrumb\":{\"@id\":\"https:\/\/nakfitbcn.com\/es\/entreno-empresas\/#breadcrumb\"},\"inLanguage\":\"es\",\"potentialAction\":[{\"@type\":\"ReadAction\",\"target\":[\"https:\/\/nakfitbcn.com\/es\/entreno-empresas\/\"]}]},{\"@type\":\"ImageObject\",\"inLanguage\":\"es\",\"@id\":\"https:\/\/nakfitbcn.com\/es\/entreno-empresas\/#primaryimage\",\"url\":\"https:\/\/nakfitbcn.com\/wp-content\/uploads\/2017\/08\/entrenar-aire-libre.jpg\",\"contentUrl\":\"https:\/\/nakfitbcn.com\/wp-content\/uploads\/2017\/08\/entrenar-aire-libre.jpg\"},{\"@type\":\"BreadcrumbList\",\"@id\":\"https:\/\/nakfitbcn.com\/es\/entreno-empresas\/#breadcrumb\",\"itemListElement\":[{\"@type\":\"ListItem\",\"position\":1,\"name\":\"Portada\",\"item\":\"https:\/\/nakfitbcn.com\/es\/\"},{\"@type\":\"ListItem\",\"position\":2,\"name\":\"Entreno empresas\"}]},{\"@type\":\"WebSite\",\"@id\":\"https:\/\/nakfitbcn.com\/es\/#website\",\"url\":\"https:\/\/nakfitbcn.com\/es\/\",\"name\":\"NAKFIT bcn\",\"description\":\"Entrenador personal titulado en Barcelona. Entrenos al aire libre, en tu casa o tu oficina.\",\"publisher\":{\"@id\":\"https:\/\/nakfitbcn.com\/es\/#organization\"},\"potentialAction\":[{\"@type\":\"SearchAction\",\"target\":{\"@type\":\"EntryPoint\",\"urlTemplate\":\"https:\/\/nakfitbcn.com\/es\/?s={search_term_string}\"},\"query-input\":{\"@type\":\"PropertyValueSpecification\",\"valueRequired\":true,\"valueName\":\"search_term_string\"}}],\"inLanguage\":\"es\"},{\"@type\":\"Organization\",\"@id\":\"https:\/\/nakfitbcn.com\/es\/#organization\",\"name\":\"NAKFIT bcn\",\"url\":\"https:\/\/nakfitbcn.com\/es\/\",\"logo\":{\"@type\":\"ImageObject\",\"inLanguage\":\"es\",\"@id\":\"https:\/\/nakfitbcn.com\/es\/#\/schema\/logo\/image\/\",\"url\":\"https:\/\/nakfitbcn.com\/wp-content\/uploads\/2017\/07\/cropped-NAKFIT-vWEB_v1-1.jpg\",\"contentUrl\":\"https:\/\/nakfitbcn.com\/wp-content\/uploads\/2017\/07\/cropped-NAKFIT-vWEB_v1-1.jpg\",\"width\":500,\"height\":226,\"caption\":\"NAKFIT bcn\"},\"image\":{\"@id\":\"https:\/\/nakfitbcn.com\/es\/#\/schema\/logo\/image\/\"}}]}<\/script>\n<!-- \/ Yoast SEO plugin. -->","yoast_head_json":{"title":"Entreno empresas - NAKFIT bcn","robots":{"index":"index","follow":"follow","max-snippet":"max-snippet:-1","max-image-preview":"max-image-preview:large","max-video-preview":"max-video-preview:-1"},"canonical":"https:\/\/nakfitbcn.com\/es\/entreno-empresas\/","og_locale":"es_ES","og_type":"article","og_title":"Entreno empresas - NAKFIT bcn","og_description":"En NakfitBCN dise\u00f1amos entrenamientos corporativos personalizados que fomentan el bienestar f\u00edsico y mental, fortalecen la cohesi\u00f3n del equipo y mejoran el ambiente laboral. Cada sesi\u00f3n se adapta a las necesidades [&hellip;]","og_url":"https:\/\/nakfitbcn.com\/es\/entreno-empresas\/","og_site_name":"NAKFIT bcn","article_modified_time":"2025-06-12T15:33:08+00:00","og_image":[{"width":875,"height":583,"url":"https:\/\/nakfitbcn.com\/wp-content\/uploads\/2017\/08\/entrenar-aire-libre.jpg","type":"image\/jpeg"}],"twitter_card":"summary_large_image","twitter_misc":{"Tiempo de lectura":"1 minuto"},"schema":{"@context":"https:\/\/schema.org","@graph":[{"@type":"WebPage","@id":"https:\/\/nakfitbcn.com\/es\/entreno-empresas\/","url":"https:\/\/nakfitbcn.com\/es\/entreno-empresas\/","name":"Entreno empresas - NAKFIT bcn","isPartOf":{"@id":"https:\/\/nakfitbcn.com\/es\/#website"},"primaryImageOfPage":{"@id":"https:\/\/nakfitbcn.com\/es\/entreno-empresas\/#primaryimage"},"image":{"@id":"https:\/\/nakfitbcn.com\/es\/entreno-empresas\/#primaryimage"},"thumbnailUrl":"https:\/\/nakfitbcn.com\/wp-content\/uploads\/2017\/08\/entrenar-aire-libre.jpg","datePublished":"2025-06-12T15:33:07+00:00","dateModified":"2025-06-12T15:33:08+00:00","breadcrumb":{"@id":"https:\/\/nakfitbcn.com\/es\/entreno-empresas\/#breadcrumb"},"inLanguage":"es","potentialAction":[{"@type":"ReadAction","target":["https:\/\/nakfitbcn.com\/es\/entreno-empresas\/"]}]},{"@type":"ImageObject","inLanguage":"es","@id":"https:\/\/nakfitbcn.com\/es\/entreno-empresas\/#primaryimage","url":"https:\/\/nakfitbcn.com\/wp-content\/uploads\/2017\/08\/entrenar-aire-libre.jpg","contentUrl":"https:\/\/nakfitbcn.com\/wp-content\/uploads\/2017\/08\/entrenar-aire-libre.jpg"},{"@type":"BreadcrumbList","@id":"https:\/\/nakfitbcn.com\/es\/entreno-empresas\/#breadcrumb","itemListElement":[{"@type":"ListItem","position":1,"name":"Portada","item":"https:\/\/nakfitbcn.com\/es\/"},{"@type":"ListItem","position":2,"name":"Entreno empresas"}]},{"@type":"WebSite","@id":"https:\/\/nakfitbcn.com\/es\/#website","url":"https:\/\/nakfitbcn.com\/es\/","name":"NAKFIT bcn","description":"Entrenador personal titulado en Barcelona. Entrenos al aire libre, en tu casa o tu oficina.","publisher":{"@id":"https:\/\/nakfitbcn.com\/es\/#organization"},"potentialAction":[{"@type":"SearchAction","target":{"@type":"EntryPoint","urlTemplate":"https:\/\/nakfitbcn.com\/es\/?s={search_term_string}"},"query-input":{"@type":"PropertyValueSpecification","valueRequired":true,"valueName":"search_term_string"}}],"inLanguage":"es"},{"@type":"Organization","@id":"https:\/\/nakfitbcn.com\/es\/#organization","name":"NAKFIT bcn","url":"https:\/\/nakfitbcn.com\/es\/","logo":{"@type":"ImageObject","inLanguage":"es","@id":"https:\/\/nakfitbcn.com\/es\/#\/schema\/logo\/image\/","url":"https:\/\/nakfitbcn.com\/wp-content\/uploads\/2017\/07\/cropped-NAKFIT-vWEB_v1-1.jpg","contentUrl":"https:\/\/nakfitbcn.com\/wp-content\/uploads\/2017\/07\/cropped-NAKFIT-vWEB_v1-1.jpg","width":500,"height":226,"caption":"NAKFIT bcn"},"image":{"@id":"https:\/\/nakfitbcn.com\/es\/#\/schema\/logo\/image\/"}}]}},"_links":{"self":[{"href":"https:\/\/nakfitbcn.com\/es\/wp-json\/wp\/v2\/pages\/778","targetHints":{"allow":["GET"]}}],"collection":[{"href":"https:\/\/nakfitbcn.com\/es\/wp-json\/wp\/v2\/pages"}],"about":[{"href":"https:\/\/nakfitbcn.com\/es\/wp-json\/wp\/v2\/types\/page"}],"author":[{"embeddable":true,"href":"https:\/\/nakfitbcn.com\/es\/wp-json\/wp\/v2\/users\/6"}],"replies":[{"embeddable":true,"href":"https:\/\/nakfitbcn.com\/es\/wp-json\/wp\/v2\/comments?post=778"}],"version-history":[{"count":2,"href":"https:\/\/nakfitbcn.com\/es\/wp-json\/wp\/v2\/pages\/778\/revisions"}],"predecessor-version":[{"id":782,"href":"https:\/\/nakfitbcn.com\/es\/wp-json\/wp\/v2\/pages\/778\/revisions\/782"}],"wp:attachment":[{"href":"https:\/\/nakfitbcn.com\/es\/wp-json\/wp\/v2\/media?parent=778"}],"curies":[{"name":"wp","href":"https:\/\/api.w.org\/{rel}","templated":true}]}}