{"id":48,"date":"2017-07-13T16:47:48","date_gmt":"2017-07-13T14:47:48","guid":{"rendered":"https:\/\/nakfitbcn.com\/?page_id=48"},"modified":"2025-06-12T18:31:10","modified_gmt":"2025-06-12T16:31:10","slug":"testimonios","status":"publish","type":"page","link":"https:\/\/nakfitbcn.com\/es\/testimonios\/","title":{"rendered":"Testimonios"},"content":{"rendered":"<div class=\"bne-testimonial-wrapper testimonial-wrapper-id-601 testimonial-layout-list testimonial-theme-default testimonial-left testimonial-arrangement-1 testimonial-category-es  clearfix\"><div id=\"testimonial-id-922\" class=\"testimonial-single clearfix\"><div class=\"testimonial-author\"><img decoding=\"async\" width=\"150\" height=\"150\" src=\"https:\/\/nakfitbcn.com\/wp-content\/uploads\/2025\/08\/Marc-Maulini-150x150.jpg\" class=\"testimonial-image testimonial-square testimonial-crop-thumbnail wp-post-image\" alt=\"Marc Maulini\" \/><span class=\"testimonial-name\">Marc Maulini<\/span><\/div><div class=\"testimonial-content\"><div class=\"testimonial-message\"><p>Los entrenamientos con el Abdes me ayudan a romper la rutina laboral, me tonifican y estoy m\u00e1s activo y contento para poder afrontar el d\u00eda a d\u00eda.<\/p>\n<\/div><\/div><div class=\"clear\"><\/div><\/div><div id=\"testimonial-id-920\" class=\"testimonial-single clearfix\"><div class=\"testimonial-author\"><img decoding=\"async\" width=\"150\" height=\"150\" src=\"https:\/\/nakfitbcn.com\/wp-content\/uploads\/2025\/08\/Cristina-Gonzalez-150x150.jpg\" class=\"testimonial-image testimonial-square testimonial-crop-thumbnail wp-post-image\" alt=\"Cristina Gonzalez\" \/><span class=\"testimonial-name\">Cristina Gonzalez<\/span><\/div><div class=\"testimonial-content\"><div class=\"testimonial-message\"><p>Con el Abdes he encontrado la regularidad haciendo deporte, que nunca hab\u00eda conseguido sola. Nunca hab\u00eda tenido la fuerza de voluntad de entrenar suela o de ir al gimnasio con cierta frecuencia. Con \u00e9l hace m\u00e1s de tres a\u00f1os que entreno dos veces por semana y no fallo!!!!<\/p>\n<\/div><\/div><div class=\"clear\"><\/div><\/div><div id=\"testimonial-id-919\" class=\"testimonial-single clearfix\"><div class=\"testimonial-author\"><img decoding=\"async\" width=\"150\" height=\"150\" src=\"https:\/\/nakfitbcn.com\/wp-content\/uploads\/2025\/08\/Aina-Pedret-150x150.jpg\" class=\"testimonial-image testimonial-square testimonial-crop-thumbnail wp-post-image\" alt=\"Aina P.\" \/><span class=\"testimonial-name\">Aina P.<\/span><\/div><div class=\"testimonial-content\"><div class=\"testimonial-message\"><p>El Abdes es un entrenador extraordinario. Extraordinario porque exige desde la comprensi\u00f3n de tu estado f\u00edsico pero tambi\u00e9n an\u00edmico. Extraordinario porque escucha qu\u00e9 quieres y qu\u00e9 buscas. Extraordinario porque tiene muchas alternativas cuando tienes una lesi\u00f3n para poder seguir entrenando. Extraordinario porque est\u00e1 atento a cada desviaci\u00f3n de la posici\u00f3n y porque notas su pericia en cada correcci\u00f3n. Extraordinario porque todo esto lo hace creando una atm\u00f3sfera agradable y muy a menudo divertida. El Abdes es un acierto!<\/p>\n<\/div><\/div><div class=\"clear\"><\/div><\/div><div id=\"testimonial-id-232\" class=\"testimonial-single clearfix\"><div class=\"testimonial-author\"><img loading=\"lazy\" decoding=\"async\" width=\"150\" height=\"150\" src=\"https:\/\/nakfitbcn.com\/wp-content\/uploads\/2018\/02\/benja-150x150.jpeg\" class=\"testimonial-image testimonial-square testimonial-crop-thumbnail wp-post-image\" alt=\"Benjamin Palfer\" srcset=\"https:\/\/nakfitbcn.com\/wp-content\/uploads\/2018\/02\/benja-150x150.jpeg 150w, https:\/\/nakfitbcn.com\/wp-content\/uploads\/2018\/02\/benja-300x300.jpeg 300w, https:\/\/nakfitbcn.com\/wp-content\/uploads\/2018\/02\/benja.jpeg 500w\" sizes=\"(max-width: 150px) 100vw, 150px\" \/><span class=\"testimonial-name\">Benjamin Palfer<\/span><\/div><div class=\"testimonial-content\"><div class=\"testimonial-message\"><p>\"Siempre es un placer participar en las sesiones grupales que organiza NAKFITbcn, Abdes es un gran profesional que nos gu\u00eda en cada momento del entrenamiento, siempre prepara ejercicios din\u00e1micos y muy adaptables para todos los niveles, as\u00ed nos integra a todos\/as como un equipo y te hace trabajar todo el cuerpo de forma funcional! Yo ya tengo mis s\u00e1bados por las ma\u00f1anas reservados para las sesiones de NAKFITbcn!\"<\/p>\n<\/div><\/div><div class=\"clear\"><\/div><\/div><div id=\"testimonial-id-200\" class=\"testimonial-single clearfix\"><div class=\"testimonial-author\"><img loading=\"lazy\" decoding=\"async\" width=\"150\" height=\"150\" src=\"https:\/\/nakfitbcn.com\/wp-content\/uploads\/2018\/02\/luciepellier-150x150.jpg\" class=\"testimonial-image testimonial-square testimonial-crop-thumbnail wp-post-image\" alt=\"Lucie Pellier\" srcset=\"https:\/\/nakfitbcn.com\/wp-content\/uploads\/2018\/02\/luciepellier-150x150.jpg 150w, https:\/\/nakfitbcn.com\/wp-content\/uploads\/2018\/02\/luciepellier-300x300.jpg 300w, https:\/\/nakfitbcn.com\/wp-content\/uploads\/2018\/02\/luciepellier.jpg 500w\" sizes=\"(max-width: 150px) 100vw, 150px\" \/><span class=\"testimonial-name\">Lucie Pellier<\/span><span class=\"testimonial-website\"><a href=\"https:\/\/luciepellier.com\" target=\"_blank\" rel=\"nofollow\">https:\/\/luciepellier.com<\/a><\/span><\/div><div class=\"testimonial-content\"><div class=\"testimonial-message\"><p>\"Hice un entreno grupal en la playa con Nakfitbcn sin saber muy bien como ser\u00eda, y me lo pas\u00e9 genial! Se adapta a todos niveles y los ejercicios\u00a0son muy variados. A parte, entrenar fuera es mucho m\u00e1s divertido que en el gym. Otro d\u00eda que est\u00e9 por Barna repito seguro!<\/p>\n<\/div><\/div><div class=\"clear\"><\/div><\/div><div id=\"testimonial-id-198\" class=\"testimonial-single clearfix\"><div class=\"testimonial-author\"><img loading=\"lazy\" decoding=\"async\" width=\"150\" height=\"150\" src=\"https:\/\/nakfitbcn.com\/wp-content\/uploads\/2018\/02\/nicola-150x150.jpg\" class=\"testimonial-image testimonial-square testimonial-crop-thumbnail wp-post-image\" alt=\"Nicola Edge\" srcset=\"https:\/\/nakfitbcn.com\/wp-content\/uploads\/2018\/02\/nicola-150x150.jpg 150w, https:\/\/nakfitbcn.com\/wp-content\/uploads\/2018\/02\/nicola-300x300.jpg 300w, https:\/\/nakfitbcn.com\/wp-content\/uploads\/2018\/02\/nicola.jpg 500w\" sizes=\"(max-width: 150px) 100vw, 150px\" \/><span class=\"testimonial-name\">Nicola Edge<\/span><span class=\"testimonial-website\"><a href=\"https:\/\/www.facebook.com\/nicola.edge.7\" target=\"_blank\" rel=\"nofollow\">https:\/\/www.facebook.com\/nicola.edge.7<\/a><\/span><\/div><div class=\"testimonial-content\"><div class=\"testimonial-message\"><p>\"Los entrenamientos que me hacia falta! Divertidos, variados y funcionales. Son duros y te llevan al limite pero garantizo que lo pasaras muy bien. Abdes conoce muy bien las capacidades de cada uno de sus clientes una cosa que garantiza que saca lo mejor de ti. Recomiendo 100% Nakfitbcn.\"<\/p>\n<\/div><\/div><div class=\"clear\"><\/div><\/div><div id=\"testimonial-id-129\" class=\"testimonial-single clearfix\"><div class=\"testimonial-author\"><img loading=\"lazy\" decoding=\"async\" width=\"150\" height=\"150\" src=\"https:\/\/nakfitbcn.com\/wp-content\/uploads\/2018\/01\/ester-150x150.jpg\" class=\"testimonial-image testimonial-square testimonial-crop-thumbnail wp-post-image\" alt=\"Ester Sanahuja\" srcset=\"https:\/\/nakfitbcn.com\/wp-content\/uploads\/2018\/01\/ester-150x150.jpg 150w, https:\/\/nakfitbcn.com\/wp-content\/uploads\/2018\/01\/ester-300x300.jpg 300w, https:\/\/nakfitbcn.com\/wp-content\/uploads\/2018\/01\/ester.jpg 501w\" sizes=\"(max-width: 150px) 100vw, 150px\" \/><span class=\"testimonial-name\">Ester Sanahuja<\/span><\/div><div class=\"testimonial-content\"><div class=\"testimonial-message\"><p>\"Puedes encontrar miles de entrenadores personales y formas de entrenar distintas pero ninguna como Nakfit. Sean cuales sean tus objetivos, Nakfit te ayudar\u00e1 a conseguirlos de forma r\u00e1pida y divertida. Adem\u00e1s, te dar\u00e1 ese \u00faltimo empuj\u00f3n que necesitas para darte cuenta de que eres capaz de mucho m\u00e1s de lo que piensas con ejercicios funcionales de todo tipo. Nunca antes hab\u00eda entrenado de forma tan eficaz y a la vez tan econ\u00f3mica. \u00a1Qu\u00e9 mejor que hacer ejercicio divirti\u00e9ndote al aire libre!\"<\/p>\n<\/div><\/div><div class=\"clear\"><\/div><\/div><div id=\"testimonial-id-126\" class=\"testimonial-single clearfix\"><div class=\"testimonial-author\"><img loading=\"lazy\" decoding=\"async\" width=\"150\" height=\"150\" src=\"https:\/\/nakfitbcn.com\/wp-content\/uploads\/2018\/01\/entrenamiento-resistencia-con-paracaidas-150x150.jpg\" class=\"testimonial-image testimonial-square testimonial-crop-thumbnail wp-post-image\" alt=\"Carmen Soriano\" srcset=\"https:\/\/nakfitbcn.com\/wp-content\/uploads\/2018\/01\/entrenamiento-resistencia-con-paracaidas-150x150.jpg 150w, https:\/\/nakfitbcn.com\/wp-content\/uploads\/2018\/01\/entrenamiento-resistencia-con-paracaidas-300x300.jpg 300w, https:\/\/nakfitbcn.com\/wp-content\/uploads\/2018\/01\/entrenamiento-resistencia-con-paracaidas.jpg 500w\" sizes=\"(max-width: 150px) 100vw, 150px\" \/><span class=\"testimonial-name\">Carmen Soriano<\/span><span class=\"testimonial-website\"><a href=\"https:\/\/www.instagram.com\/carmensorianomico\/\" target=\"_blank\" rel=\"nofollow\">https:\/\/www.instagram.com\/carmensorianomico\/<\/a><\/span><\/div><div class=\"testimonial-content\"><div class=\"testimonial-message\"><p>\"Abdes es un profesional especializado en el entreno personal y as\u00ed me lo ha demostrado. Es una persona formada para ello y que siempre se muestra preocupado por estar actualizado constantemente. Muestra pasi\u00f3n por lo que hace, le encanta entrenar y me ha motivado desde el primer dia a amar el deporte y a superarme hasta donde nunca imagin\u00e9. Me anima, me motiva, me hace trabajar duro siempre con el objetivo de disfrutar entrenando. Me transmiti\u00f3 su pasi\u00f3n por el entreno hace 20 meses y consigui\u00f3 que yo tambi\u00e9n me apasionase. Desde el primer dia ha cumplido con los objetivos que nos hemos marcado, mis metas han sido siempre las suyas y su confianza en mi se ha visto reflejada en la plena confianza que tengo en \u00e9l y en su alta profesionalidad.\"<\/p>\n<\/div><\/div><div class=\"clear\"><\/div><\/div><\/div><!-- .bne-testimonials-wrapper (end) -->\n","protected":false},"excerpt":{"rendered":"","protected":false},"author":5,"featured_media":0,"parent":0,"menu_order":0,"comment_status":"closed","ping_status":"closed","template":"","meta":{"_monsterinsights_skip_tracking":false,"_monsterinsights_sitenote_active":false,"_monsterinsights_sitenote_note":"","_monsterinsights_sitenote_category":0,"_genesis_hide_title":false,"_genesis_hide_breadcrumbs":false,"_genesis_hide_singular_image":false,"_genesis_hide_footer_widgets":false,"_genesis_custom_body_class":"","_genesis_custom_post_class":"","_genesis_layout":"","footnotes":""},"class_list":["post-48","page","type-page","status-publish","entry","has-post-thumbnail"],"yoast_head":"<!-- This site is optimized with the Yoast SEO plugin v26.0 - https:\/\/yoast.com\/wordpress\/plugins\/seo\/ -->\n<title>Testimonios - NAKFIT bcn<\/title>\n<meta name=\"robots\" content=\"index, follow, max-snippet:-1, max-image-preview:large, max-video-preview:-1\" \/>\n<link rel=\"canonical\" href=\"https:\/\/nakfitbcn.com\/es\/testimonios\/\" \/>\n<meta property=\"og:locale\" content=\"es_ES\" \/>\n<meta property=\"og:type\" content=\"article\" \/>\n<meta property=\"og:title\" content=\"Testimonios - NAKFIT bcn\" \/>\n<meta property=\"og:url\" content=\"https:\/\/nakfitbcn.com\/es\/testimonios\/\" \/>\n<meta property=\"og:site_name\" content=\"NAKFIT bcn\" \/>\n<meta property=\"article:modified_time\" content=\"2025-06-12T16:31:10+00:00\" \/>\n<meta name=\"twitter:card\" content=\"summary_large_image\" \/>\n<meta name=\"twitter:label1\" content=\"Tiempo de lectura\" \/>\n\t<meta name=\"twitter:data1\" content=\"1 minuto\" \/>\n<script type=\"application\/ld+json\" class=\"yoast-schema-graph\">{\"@context\":\"https:\/\/schema.org\",\"@graph\":[{\"@type\":\"WebPage\",\"@id\":\"https:\/\/nakfitbcn.com\/es\/testimonios\/\",\"url\":\"https:\/\/nakfitbcn.com\/es\/testimonios\/\",\"name\":\"Testimonios - NAKFIT bcn\",\"isPartOf\":{\"@id\":\"https:\/\/nakfitbcn.com\/es\/#website\"},\"datePublished\":\"2017-07-13T14:47:48+00:00\",\"dateModified\":\"2025-06-12T16:31:10+00:00\",\"breadcrumb\":{\"@id\":\"https:\/\/nakfitbcn.com\/es\/testimonios\/#breadcrumb\"},\"inLanguage\":\"es\",\"potentialAction\":[{\"@type\":\"ReadAction\",\"target\":[\"https:\/\/nakfitbcn.com\/es\/testimonios\/\"]}]},{\"@type\":\"BreadcrumbList\",\"@id\":\"https:\/\/nakfitbcn.com\/es\/testimonios\/#breadcrumb\",\"itemListElement\":[{\"@type\":\"ListItem\",\"position\":1,\"name\":\"Portada\",\"item\":\"https:\/\/nakfitbcn.com\/es\/\"},{\"@type\":\"ListItem\",\"position\":2,\"name\":\"Testimonios\"}]},{\"@type\":\"WebSite\",\"@id\":\"https:\/\/nakfitbcn.com\/es\/#website\",\"url\":\"https:\/\/nakfitbcn.com\/es\/\",\"name\":\"NAKFIT bcn\",\"description\":\"Entrenador personal titulado en Barcelona. Entrenos al aire libre, en tu casa o tu oficina.\",\"publisher\":{\"@id\":\"https:\/\/nakfitbcn.com\/es\/#organization\"},\"potentialAction\":[{\"@type\":\"SearchAction\",\"target\":{\"@type\":\"EntryPoint\",\"urlTemplate\":\"https:\/\/nakfitbcn.com\/es\/?s={search_term_string}\"},\"query-input\":{\"@type\":\"PropertyValueSpecification\",\"valueRequired\":true,\"valueName\":\"search_term_string\"}}],\"inLanguage\":\"es\"},{\"@type\":\"Organization\",\"@id\":\"https:\/\/nakfitbcn.com\/es\/#organization\",\"name\":\"NAKFIT bcn\",\"url\":\"https:\/\/nakfitbcn.com\/es\/\",\"logo\":{\"@type\":\"ImageObject\",\"inLanguage\":\"es\",\"@id\":\"https:\/\/nakfitbcn.com\/es\/#\/schema\/logo\/image\/\",\"url\":\"https:\/\/nakfitbcn.com\/wp-content\/uploads\/2017\/07\/cropped-NAKFIT-vWEB_v1-1.jpg\",\"contentUrl\":\"https:\/\/nakfitbcn.com\/wp-content\/uploads\/2017\/07\/cropped-NAKFIT-vWEB_v1-1.jpg\",\"width\":500,\"height\":226,\"caption\":\"NAKFIT bcn\"},\"image\":{\"@id\":\"https:\/\/nakfitbcn.com\/es\/#\/schema\/logo\/image\/\"}}]}<\/script>\n<!-- \/ Yoast SEO plugin. -->","yoast_head_json":{"title":"Testimonios - NAKFIT bcn","robots":{"index":"index","follow":"follow","max-snippet":"max-snippet:-1","max-image-preview":"max-image-preview:large","max-video-preview":"max-video-preview:-1"},"canonical":"https:\/\/nakfitbcn.com\/es\/testimonios\/","og_locale":"es_ES","og_type":"article","og_title":"Testimonios - NAKFIT bcn","og_url":"https:\/\/nakfitbcn.com\/es\/testimonios\/","og_site_name":"NAKFIT bcn","article_modified_time":"2025-06-12T16:31:10+00:00","twitter_card":"summary_large_image","twitter_misc":{"Tiempo de lectura":"1 minuto"},"schema":{"@context":"https:\/\/schema.org","@graph":[{"@type":"WebPage","@id":"https:\/\/nakfitbcn.com\/es\/testimonios\/","url":"https:\/\/nakfitbcn.com\/es\/testimonios\/","name":"Testimonios - NAKFIT bcn","isPartOf":{"@id":"https:\/\/nakfitbcn.com\/es\/#website"},"datePublished":"2017-07-13T14:47:48+00:00","dateModified":"2025-06-12T16:31:10+00:00","breadcrumb":{"@id":"https:\/\/nakfitbcn.com\/es\/testimonios\/#breadcrumb"},"inLanguage":"es","potentialAction":[{"@type":"ReadAction","target":["https:\/\/nakfitbcn.com\/es\/testimonios\/"]}]},{"@type":"BreadcrumbList","@id":"https:\/\/nakfitbcn.com\/es\/testimonios\/#breadcrumb","itemListElement":[{"@type":"ListItem","position":1,"name":"Portada","item":"https:\/\/nakfitbcn.com\/es\/"},{"@type":"ListItem","position":2,"name":"Testimonios"}]},{"@type":"WebSite","@id":"https:\/\/nakfitbcn.com\/es\/#website","url":"https:\/\/nakfitbcn.com\/es\/","name":"NAKFIT bcn","description":"Entrenador personal titulado en Barcelona. Entrenos al aire libre, en tu casa o tu oficina.","publisher":{"@id":"https:\/\/nakfitbcn.com\/es\/#organization"},"potentialAction":[{"@type":"SearchAction","target":{"@type":"EntryPoint","urlTemplate":"https:\/\/nakfitbcn.com\/es\/?s={search_term_string}"},"query-input":{"@type":"PropertyValueSpecification","valueRequired":true,"valueName":"search_term_string"}}],"inLanguage":"es"},{"@type":"Organization","@id":"https:\/\/nakfitbcn.com\/es\/#organization","name":"NAKFIT bcn","url":"https:\/\/nakfitbcn.com\/es\/","logo":{"@type":"ImageObject","inLanguage":"es","@id":"https:\/\/nakfitbcn.com\/es\/#\/schema\/logo\/image\/","url":"https:\/\/nakfitbcn.com\/wp-content\/uploads\/2017\/07\/cropped-NAKFIT-vWEB_v1-1.jpg","contentUrl":"https:\/\/nakfitbcn.com\/wp-content\/uploads\/2017\/07\/cropped-NAKFIT-vWEB_v1-1.jpg","width":500,"height":226,"caption":"NAKFIT bcn"},"image":{"@id":"https:\/\/nakfitbcn.com\/es\/#\/schema\/logo\/image\/"}}]}},"_links":{"self":[{"href":"https:\/\/nakfitbcn.com\/es\/wp-json\/wp\/v2\/pages\/48","targetHints":{"allow":["GET"]}}],"collection":[{"href":"https:\/\/nakfitbcn.com\/es\/wp-json\/wp\/v2\/pages"}],"about":[{"href":"https:\/\/nakfitbcn.com\/es\/wp-json\/wp\/v2\/types\/page"}],"author":[{"embeddable":true,"href":"https:\/\/nakfitbcn.com\/es\/wp-json\/wp\/v2\/users\/5"}],"replies":[{"embeddable":true,"href":"https:\/\/nakfitbcn.com\/es\/wp-json\/wp\/v2\/comments?post=48"}],"version-history":[{"count":3,"href":"https:\/\/nakfitbcn.com\/es\/wp-json\/wp\/v2\/pages\/48\/revisions"}],"predecessor-version":[{"id":785,"href":"https:\/\/nakfitbcn.com\/es\/wp-json\/wp\/v2\/pages\/48\/revisions\/785"}],"wp:attachment":[{"href":"https:\/\/nakfitbcn.com\/es\/wp-json\/wp\/v2\/media?parent=48"}],"curies":[{"name":"wp","href":"https:\/\/api.w.org\/{rel}","templated":true}]}}