{"id":35,"date":"2017-07-13T16:45:02","date_gmt":"2017-07-13T14:45:02","guid":{"rendered":"https:\/\/nakfitbcn.com\/?page_id=35"},"modified":"2024-01-10T20:15:55","modified_gmt":"2024-01-10T19:15:55","slug":"entreno-en-grupo","status":"publish","type":"page","link":"https:\/\/nakfitbcn.com\/es\/entreno-en-grupo\/","title":{"rendered":"Entreno en grupo"},"content":{"rendered":"\n<figure class=\"wp-block-gallery has-nested-images columns-3 is-cropped wp-block-gallery-1 is-layout-flex wp-block-gallery-is-layout-flex\">\n<figure class=\"wp-block-image size-large\"><img fetchpriority=\"high\" decoding=\"async\" width=\"1024\" height=\"576\" data-id=\"745\" src=\"https:\/\/nakfitbcn.com\/wp-content\/uploads\/2024\/01\/nakfitbcn-entrenos-en-grupo-al-aire-libre-en-barcelona-1024x576.jpg\" alt=\"\" class=\"wp-image-745\" srcset=\"https:\/\/nakfitbcn.com\/wp-content\/uploads\/2024\/01\/nakfitbcn-entrenos-en-grupo-al-aire-libre-en-barcelona-1024x576.jpg 1024w, https:\/\/nakfitbcn.com\/wp-content\/uploads\/2024\/01\/nakfitbcn-entrenos-en-grupo-al-aire-libre-en-barcelona-300x169.jpg 300w, https:\/\/nakfitbcn.com\/wp-content\/uploads\/2024\/01\/nakfitbcn-entrenos-en-grupo-al-aire-libre-en-barcelona-768x432.jpg 768w, https:\/\/nakfitbcn.com\/wp-content\/uploads\/2024\/01\/nakfitbcn-entrenos-en-grupo-al-aire-libre-en-barcelona.jpg 1200w\" sizes=\"(max-width: 1024px) 100vw, 1024px\" \/><\/figure>\n<\/figure>\n\n\n\n<p><span style=\"font-weight: 400;\">El entrenamiento &nbsp;grupal puede ser formado por amigos, compa\u00f1eros de trabajo\u2026 o incluso si no tienes grupo, Nakfitbcn te puede crear uno. S<\/span><span style=\"font-weight: 400;\">e busca un <strong>objetivo com\u00fan<\/strong> y formar un grupo homog\u00e9neo entre las personas que lo forman.<\/span><\/p>\n\n\n\n<p><span style=\"font-weight: 400;\">Este tipo de entreno se caracteriza por hacer deporte de forma <strong>m\u00e1s din\u00e1mica<\/strong> y <strong>divertida<\/strong> en compa\u00f1\u00eda de amistades, as\u00ed los retos y el esfuerzo se consiguen de forma compartida.<\/span><\/p>\n\n\n\n<p><span style=\"font-weight: 400;\">Dentro del entrenamiento grupal formamos peque\u00f1os entrenos personales porqu\u00e9 nos adaptamos a <strong>cada miembro<\/strong> del grupo y a sus <strong>necesidades<\/strong>, ya sea por nivel, lesiones o forma f\u00edsica.<\/span><\/p>\n\n\n\n<p><span style=\"font-weight: 400;\">Sesiones de 30 o 60 minutos.<\/span><\/p>\n\n\n\n<p><span style=\"font-weight: 400;\">Grupos de 2 a 6 personas m\u00e1ximo.<\/span><\/p>\n\n\n\n<div style=\"height:10px\" aria-hidden=\"true\" class=\"wp-block-spacer\"><\/div>\n\n\n\n<p class=\"has-text-align-center\"><a class=\"button\" href=\"https:\/\/nakfitbcn.com\/tarifas-2018\/\">\u00a1Consulta ahora nuestras tarifas!<\/a><\/p>\n\n\n\n<div style=\"height:10px\" aria-hidden=\"true\" class=\"wp-block-spacer\"><\/div>\n\n\n\n<div class=\"wp-block-image\"><figure class=\"aligncenter size-large\"><img decoding=\"async\" width=\"1024\" height=\"576\" src=\"https:\/\/nakfitbcn.com\/wp-content\/uploads\/2024\/01\/Inicio-Entrenador-Personal-Aire-Libre-Barcelona-1024x576.jpg\" alt=\"entrenador personal titulado en barcelona realizando entrenos al aire libre\" class=\"wp-image-722\" srcset=\"https:\/\/nakfitbcn.com\/wp-content\/uploads\/2024\/01\/Inicio-Entrenador-Personal-Aire-Libre-Barcelona-1024x576.jpg 1024w, https:\/\/nakfitbcn.com\/wp-content\/uploads\/2024\/01\/Inicio-Entrenador-Personal-Aire-Libre-Barcelona-300x169.jpg 300w, https:\/\/nakfitbcn.com\/wp-content\/uploads\/2024\/01\/Inicio-Entrenador-Personal-Aire-Libre-Barcelona-768x432.jpg 768w, https:\/\/nakfitbcn.com\/wp-content\/uploads\/2024\/01\/Inicio-Entrenador-Personal-Aire-Libre-Barcelona.jpg 1200w\" sizes=\"(max-width: 1024px) 100vw, 1024px\" \/><\/figure><\/div>\n","protected":false},"excerpt":{"rendered":"<p>El entrenamiento &nbsp;grupal puede ser formado por amigos, compa\u00f1eros de trabajo\u2026 o incluso si no tienes grupo, Nakfitbcn te puede crear uno. Se busca un objetivo com\u00fan y formar un [&hellip;]<\/p>\n","protected":false},"author":5,"featured_media":0,"parent":0,"menu_order":0,"comment_status":"closed","ping_status":"closed","template":"","meta":{"_monsterinsights_skip_tracking":false,"_monsterinsights_sitenote_active":false,"_monsterinsights_sitenote_note":"","_monsterinsights_sitenote_category":0,"_genesis_hide_title":false,"_genesis_hide_breadcrumbs":false,"_genesis_hide_singular_image":false,"_genesis_hide_footer_widgets":false,"_genesis_custom_body_class":"","_genesis_custom_post_class":"","_genesis_layout":"","footnotes":""},"class_list":["post-35","page","type-page","status-publish","entry","has-post-thumbnail"],"yoast_head":"<!-- This site is optimized with the Yoast SEO plugin v26.0 - https:\/\/yoast.com\/wordpress\/plugins\/seo\/ -->\n<title>Entreno en grupo - NAKFIT bcn<\/title>\n<meta name=\"robots\" content=\"index, follow, max-snippet:-1, max-image-preview:large, max-video-preview:-1\" \/>\n<link rel=\"canonical\" href=\"https:\/\/nakfitbcn.com\/es\/entreno-en-grupo\/\" \/>\n<meta property=\"og:locale\" content=\"es_ES\" \/>\n<meta property=\"og:type\" content=\"article\" \/>\n<meta property=\"og:title\" content=\"Entreno en grupo - NAKFIT bcn\" \/>\n<meta property=\"og:description\" content=\"El entrenamiento &nbsp;grupal puede ser formado por amigos, compa\u00f1eros de trabajo\u2026 o incluso si no tienes grupo, Nakfitbcn te puede crear uno. Se busca un objetivo com\u00fan y formar un [&hellip;]\" \/>\n<meta property=\"og:url\" content=\"https:\/\/nakfitbcn.com\/es\/entreno-en-grupo\/\" \/>\n<meta property=\"og:site_name\" content=\"NAKFIT bcn\" \/>\n<meta property=\"article:modified_time\" content=\"2024-01-10T19:15:55+00:00\" \/>\n<meta property=\"og:image\" content=\"https:\/\/nakfitbcn.com\/wp-content\/uploads\/2024\/01\/nakfitbcn-entrenos-en-grupo-al-aire-libre-en-barcelona-1024x576.jpg\" \/>\n<meta name=\"twitter:card\" content=\"summary_large_image\" \/>\n<meta name=\"twitter:label1\" content=\"Tiempo de lectura\" \/>\n\t<meta name=\"twitter:data1\" content=\"1 minuto\" \/>\n<script type=\"application\/ld+json\" class=\"yoast-schema-graph\">{\"@context\":\"https:\/\/schema.org\",\"@graph\":[{\"@type\":\"WebPage\",\"@id\":\"https:\/\/nakfitbcn.com\/es\/entreno-en-grupo\/\",\"url\":\"https:\/\/nakfitbcn.com\/es\/entreno-en-grupo\/\",\"name\":\"Entreno en grupo - NAKFIT bcn\",\"isPartOf\":{\"@id\":\"https:\/\/nakfitbcn.com\/es\/#website\"},\"primaryImageOfPage\":{\"@id\":\"https:\/\/nakfitbcn.com\/es\/entreno-en-grupo\/#primaryimage\"},\"image\":{\"@id\":\"https:\/\/nakfitbcn.com\/es\/entreno-en-grupo\/#primaryimage\"},\"thumbnailUrl\":\"https:\/\/nakfitbcn.com\/wp-content\/uploads\/2024\/01\/nakfitbcn-entrenos-en-grupo-al-aire-libre-en-barcelona-1024x576.jpg\",\"datePublished\":\"2017-07-13T14:45:02+00:00\",\"dateModified\":\"2024-01-10T19:15:55+00:00\",\"breadcrumb\":{\"@id\":\"https:\/\/nakfitbcn.com\/es\/entreno-en-grupo\/#breadcrumb\"},\"inLanguage\":\"es\",\"potentialAction\":[{\"@type\":\"ReadAction\",\"target\":[\"https:\/\/nakfitbcn.com\/es\/entreno-en-grupo\/\"]}]},{\"@type\":\"ImageObject\",\"inLanguage\":\"es\",\"@id\":\"https:\/\/nakfitbcn.com\/es\/entreno-en-grupo\/#primaryimage\",\"url\":\"https:\/\/nakfitbcn.com\/wp-content\/uploads\/2024\/01\/nakfitbcn-entrenos-en-grupo-al-aire-libre-en-barcelona-1024x576.jpg\",\"contentUrl\":\"https:\/\/nakfitbcn.com\/wp-content\/uploads\/2024\/01\/nakfitbcn-entrenos-en-grupo-al-aire-libre-en-barcelona-1024x576.jpg\"},{\"@type\":\"BreadcrumbList\",\"@id\":\"https:\/\/nakfitbcn.com\/es\/entreno-en-grupo\/#breadcrumb\",\"itemListElement\":[{\"@type\":\"ListItem\",\"position\":1,\"name\":\"Portada\",\"item\":\"https:\/\/nakfitbcn.com\/es\/\"},{\"@type\":\"ListItem\",\"position\":2,\"name\":\"Entreno en grupo\"}]},{\"@type\":\"WebSite\",\"@id\":\"https:\/\/nakfitbcn.com\/es\/#website\",\"url\":\"https:\/\/nakfitbcn.com\/es\/\",\"name\":\"NAKFIT bcn\",\"description\":\"Entrenador personal titulado en Barcelona. Entrenos al aire libre, en tu casa o tu oficina.\",\"publisher\":{\"@id\":\"https:\/\/nakfitbcn.com\/es\/#organization\"},\"potentialAction\":[{\"@type\":\"SearchAction\",\"target\":{\"@type\":\"EntryPoint\",\"urlTemplate\":\"https:\/\/nakfitbcn.com\/es\/?s={search_term_string}\"},\"query-input\":{\"@type\":\"PropertyValueSpecification\",\"valueRequired\":true,\"valueName\":\"search_term_string\"}}],\"inLanguage\":\"es\"},{\"@type\":\"Organization\",\"@id\":\"https:\/\/nakfitbcn.com\/es\/#organization\",\"name\":\"NAKFIT bcn\",\"url\":\"https:\/\/nakfitbcn.com\/es\/\",\"logo\":{\"@type\":\"ImageObject\",\"inLanguage\":\"es\",\"@id\":\"https:\/\/nakfitbcn.com\/es\/#\/schema\/logo\/image\/\",\"url\":\"https:\/\/nakfitbcn.com\/wp-content\/uploads\/2017\/07\/cropped-NAKFIT-vWEB_v1-1.jpg\",\"contentUrl\":\"https:\/\/nakfitbcn.com\/wp-content\/uploads\/2017\/07\/cropped-NAKFIT-vWEB_v1-1.jpg\",\"width\":500,\"height\":226,\"caption\":\"NAKFIT bcn\"},\"image\":{\"@id\":\"https:\/\/nakfitbcn.com\/es\/#\/schema\/logo\/image\/\"}}]}<\/script>\n<!-- \/ Yoast SEO plugin. -->","yoast_head_json":{"title":"Entreno en grupo - NAKFIT bcn","robots":{"index":"index","follow":"follow","max-snippet":"max-snippet:-1","max-image-preview":"max-image-preview:large","max-video-preview":"max-video-preview:-1"},"canonical":"https:\/\/nakfitbcn.com\/es\/entreno-en-grupo\/","og_locale":"es_ES","og_type":"article","og_title":"Entreno en grupo - NAKFIT bcn","og_description":"El entrenamiento &nbsp;grupal puede ser formado por amigos, compa\u00f1eros de trabajo\u2026 o incluso si no tienes grupo, Nakfitbcn te puede crear uno. Se busca un objetivo com\u00fan y formar un [&hellip;]","og_url":"https:\/\/nakfitbcn.com\/es\/entreno-en-grupo\/","og_site_name":"NAKFIT bcn","article_modified_time":"2024-01-10T19:15:55+00:00","og_image":[{"url":"https:\/\/nakfitbcn.com\/wp-content\/uploads\/2024\/01\/nakfitbcn-entrenos-en-grupo-al-aire-libre-en-barcelona-1024x576.jpg","type":"","width":"","height":""}],"twitter_card":"summary_large_image","twitter_misc":{"Tiempo de lectura":"1 minuto"},"schema":{"@context":"https:\/\/schema.org","@graph":[{"@type":"WebPage","@id":"https:\/\/nakfitbcn.com\/es\/entreno-en-grupo\/","url":"https:\/\/nakfitbcn.com\/es\/entreno-en-grupo\/","name":"Entreno en grupo - NAKFIT bcn","isPartOf":{"@id":"https:\/\/nakfitbcn.com\/es\/#website"},"primaryImageOfPage":{"@id":"https:\/\/nakfitbcn.com\/es\/entreno-en-grupo\/#primaryimage"},"image":{"@id":"https:\/\/nakfitbcn.com\/es\/entreno-en-grupo\/#primaryimage"},"thumbnailUrl":"https:\/\/nakfitbcn.com\/wp-content\/uploads\/2024\/01\/nakfitbcn-entrenos-en-grupo-al-aire-libre-en-barcelona-1024x576.jpg","datePublished":"2017-07-13T14:45:02+00:00","dateModified":"2024-01-10T19:15:55+00:00","breadcrumb":{"@id":"https:\/\/nakfitbcn.com\/es\/entreno-en-grupo\/#breadcrumb"},"inLanguage":"es","potentialAction":[{"@type":"ReadAction","target":["https:\/\/nakfitbcn.com\/es\/entreno-en-grupo\/"]}]},{"@type":"ImageObject","inLanguage":"es","@id":"https:\/\/nakfitbcn.com\/es\/entreno-en-grupo\/#primaryimage","url":"https:\/\/nakfitbcn.com\/wp-content\/uploads\/2024\/01\/nakfitbcn-entrenos-en-grupo-al-aire-libre-en-barcelona-1024x576.jpg","contentUrl":"https:\/\/nakfitbcn.com\/wp-content\/uploads\/2024\/01\/nakfitbcn-entrenos-en-grupo-al-aire-libre-en-barcelona-1024x576.jpg"},{"@type":"BreadcrumbList","@id":"https:\/\/nakfitbcn.com\/es\/entreno-en-grupo\/#breadcrumb","itemListElement":[{"@type":"ListItem","position":1,"name":"Portada","item":"https:\/\/nakfitbcn.com\/es\/"},{"@type":"ListItem","position":2,"name":"Entreno en grupo"}]},{"@type":"WebSite","@id":"https:\/\/nakfitbcn.com\/es\/#website","url":"https:\/\/nakfitbcn.com\/es\/","name":"NAKFIT bcn","description":"Entrenador personal titulado en Barcelona. Entrenos al aire libre, en tu casa o tu oficina.","publisher":{"@id":"https:\/\/nakfitbcn.com\/es\/#organization"},"potentialAction":[{"@type":"SearchAction","target":{"@type":"EntryPoint","urlTemplate":"https:\/\/nakfitbcn.com\/es\/?s={search_term_string}"},"query-input":{"@type":"PropertyValueSpecification","valueRequired":true,"valueName":"search_term_string"}}],"inLanguage":"es"},{"@type":"Organization","@id":"https:\/\/nakfitbcn.com\/es\/#organization","name":"NAKFIT bcn","url":"https:\/\/nakfitbcn.com\/es\/","logo":{"@type":"ImageObject","inLanguage":"es","@id":"https:\/\/nakfitbcn.com\/es\/#\/schema\/logo\/image\/","url":"https:\/\/nakfitbcn.com\/wp-content\/uploads\/2017\/07\/cropped-NAKFIT-vWEB_v1-1.jpg","contentUrl":"https:\/\/nakfitbcn.com\/wp-content\/uploads\/2017\/07\/cropped-NAKFIT-vWEB_v1-1.jpg","width":500,"height":226,"caption":"NAKFIT bcn"},"image":{"@id":"https:\/\/nakfitbcn.com\/es\/#\/schema\/logo\/image\/"}}]}},"_links":{"self":[{"href":"https:\/\/nakfitbcn.com\/es\/wp-json\/wp\/v2\/pages\/35","targetHints":{"allow":["GET"]}}],"collection":[{"href":"https:\/\/nakfitbcn.com\/es\/wp-json\/wp\/v2\/pages"}],"about":[{"href":"https:\/\/nakfitbcn.com\/es\/wp-json\/wp\/v2\/types\/page"}],"author":[{"embeddable":true,"href":"https:\/\/nakfitbcn.com\/es\/wp-json\/wp\/v2\/users\/5"}],"replies":[{"embeddable":true,"href":"https:\/\/nakfitbcn.com\/es\/wp-json\/wp\/v2\/comments?post=35"}],"version-history":[{"count":14,"href":"https:\/\/nakfitbcn.com\/es\/wp-json\/wp\/v2\/pages\/35\/revisions"}],"predecessor-version":[{"id":748,"href":"https:\/\/nakfitbcn.com\/es\/wp-json\/wp\/v2\/pages\/35\/revisions\/748"}],"wp:attachment":[{"href":"https:\/\/nakfitbcn.com\/es\/wp-json\/wp\/v2\/media?parent=35"}],"curies":[{"name":"wp","href":"https:\/\/api.w.org\/{rel}","templated":true}]}}