{"id":32,"date":"2017-07-13T16:35:25","date_gmt":"2017-07-13T14:35:25","guid":{"rendered":"https:\/\/nakfitbcn.com\/?page_id=32"},"modified":"2024-01-11T11:59:34","modified_gmt":"2024-01-11T10:59:34","slug":"contacta","status":"publish","type":"page","link":"https:\/\/nakfitbcn.com\/es\/contacta\/","title":{"rendered":"\u00a1CONTACTA!"},"content":{"rendered":"\n<div class=\"wp-block-columns is-layout-flex wp-container-core-columns-is-layout-9d6595d7 wp-block-columns-is-layout-flex\">\n<div class=\"wp-block-column is-layout-flow wp-block-column-is-layout-flow\" style=\"flex-basis:33.33%\">\n<figure class=\"wp-block-image size-large is-resized is-style-rounded\"><img fetchpriority=\"high\" decoding=\"async\" src=\"https:\/\/nakfitbcn.com\/wp-content\/uploads\/2024\/01\/contacto-abdes-nakfitbcn-entrenador-personal-barcelona-al-aire-libre-1024x1024.jpg\" alt=\"abdes nakfitbcn entrenador personal en barcelona al aire libre\" class=\"wp-image-763\" width=\"268\" height=\"268\" srcset=\"https:\/\/nakfitbcn.com\/wp-content\/uploads\/2024\/01\/contacto-abdes-nakfitbcn-entrenador-personal-barcelona-al-aire-libre-1024x1024.jpg 1024w, https:\/\/nakfitbcn.com\/wp-content\/uploads\/2024\/01\/contacto-abdes-nakfitbcn-entrenador-personal-barcelona-al-aire-libre-300x300.jpg 300w, https:\/\/nakfitbcn.com\/wp-content\/uploads\/2024\/01\/contacto-abdes-nakfitbcn-entrenador-personal-barcelona-al-aire-libre-150x150.jpg 150w, https:\/\/nakfitbcn.com\/wp-content\/uploads\/2024\/01\/contacto-abdes-nakfitbcn-entrenador-personal-barcelona-al-aire-libre-768x768.jpg 768w, https:\/\/nakfitbcn.com\/wp-content\/uploads\/2024\/01\/contacto-abdes-nakfitbcn-entrenador-personal-barcelona-al-aire-libre.jpg 1200w\" sizes=\"(max-width: 268px) 100vw, 268px\" \/><\/figure>\n\n\n\n<h2 class=\"has-text-align-center wp-block-heading\">Estoy aqu\u00ed para ayudarte a conseguir tus objetivos. \u00a1Escr\u00edbeme!<\/h2>\n<\/div>\n\n\n\n<div class=\"wp-block-column is-layout-flow wp-block-column-is-layout-flow\" style=\"flex-basis:66.66%\">\n<div class=\"wp-block-contact-form-7-contact-form-selector\">\n<div class=\"wpcf7 no-js\" id=\"wpcf7-f72-o1\" lang=\"es-ES\" dir=\"ltr\" data-wpcf7-id=\"72\">\n<div class=\"screen-reader-response\"><p role=\"status\" aria-live=\"polite\" aria-atomic=\"true\"><\/p> <ul><\/ul><\/div>\n<form action=\"\/es\/wp-json\/wp\/v2\/pages\/32#wpcf7-f72-o1\" method=\"post\" class=\"wpcf7-form init\" aria-label=\"Formulario de contacto\" novalidate=\"novalidate\" data-status=\"init\">\n<fieldset class=\"hidden-fields-container\"><input type=\"hidden\" name=\"_wpcf7\" value=\"72\" \/><input type=\"hidden\" name=\"_wpcf7_version\" value=\"6.1.4\" \/><input type=\"hidden\" name=\"_wpcf7_locale\" value=\"es_ES\" \/><input type=\"hidden\" name=\"_wpcf7_unit_tag\" value=\"wpcf7-f72-o1\" \/><input type=\"hidden\" name=\"_wpcf7_container_post\" value=\"0\" \/><input type=\"hidden\" name=\"_wpcf7_posted_data_hash\" value=\"\" \/>\n<\/fieldset>\n<p><label> Nombre*<br \/>\n<span class=\"wpcf7-form-control-wrap\" data-name=\"your-name\"><input size=\"40\" maxlength=\"400\" class=\"wpcf7-form-control wpcf7-text wpcf7-validates-as-required\" aria-required=\"true\" aria-invalid=\"false\" value=\"\" type=\"text\" name=\"your-name\" \/><\/span> <\/label>\n<\/p>\n<p><label> Tu email*<br \/>\n<span class=\"wpcf7-form-control-wrap\" data-name=\"your-email\"><input size=\"40\" maxlength=\"400\" class=\"wpcf7-form-control wpcf7-email wpcf7-validates-as-required wpcf7-text wpcf7-validates-as-email\" aria-required=\"true\" aria-invalid=\"false\" value=\"\" type=\"email\" name=\"your-email\" \/><\/span> <\/label>\n<\/p>\n<p><label> Asunto<br \/>\n<span class=\"wpcf7-form-control-wrap\" data-name=\"your-subject\"><input size=\"40\" maxlength=\"400\" class=\"wpcf7-form-control wpcf7-text\" aria-invalid=\"false\" value=\"\" type=\"text\" name=\"your-subject\" \/><\/span> <\/label>\n<\/p>\n<p><label> Mensaje*<br \/>\n<span class=\"wpcf7-form-control-wrap\" data-name=\"your-message\"><textarea cols=\"40\" rows=\"10\" maxlength=\"2000\" class=\"wpcf7-form-control wpcf7-textarea wpcf7-validates-as-required\" aria-required=\"true\" aria-invalid=\"false\" name=\"your-message\"><\/textarea><\/span> <\/label>\n<\/p>\n<p><span class=\"wpcf7-form-control-wrap\" data-name=\"acceptance-243\"><span class=\"wpcf7-form-control wpcf7-acceptance\"><span class=\"wpcf7-list-item\"><label><input type=\"checkbox\" name=\"acceptance-243\" value=\"1\" aria-invalid=\"false\" \/><span class=\"wpcf7-list-item-label\">Acepto la <a href=\"https:\/\/nakfitbcn.com\/politica-de-privacidad\/\" target=\"blank\">pol\u00edtica de privacidad<\/a><\/span><\/label><\/span><\/span><\/span>\n<\/p>\n<p><span class=\"wpcf7-form-control-wrap\" data-name=\"checkbox-691\"><span class=\"wpcf7-form-control wpcf7-checkbox\"><span class=\"wpcf7-list-item first last\"><input type=\"checkbox\" name=\"checkbox-691[]\" value=\"Acepto el env\u00edo de comunicaciones comerciales\" \/><span class=\"wpcf7-list-item-label\">Acepto el env\u00edo de comunicaciones comerciales<\/span><\/span><\/span><\/span>\n<\/p>\n<p><input class=\"wpcf7-form-control wpcf7-submit has-spinner\" type=\"submit\" value=\"Enviar\" \/>\n<\/p><p style=\"display: none !important;\" class=\"akismet-fields-container\" data-prefix=\"_wpcf7_ak_\"><label>&#916;<textarea name=\"_wpcf7_ak_hp_textarea\" cols=\"45\" rows=\"8\" maxlength=\"100\"><\/textarea><\/label><input type=\"hidden\" id=\"ak_js_1\" name=\"_wpcf7_ak_js\" value=\"31\"\/><script>document.getElementById( \"ak_js_1\" ).setAttribute( \"value\", ( new Date() ).getTime() );<\/script><\/p><div class=\"wpcf7-response-output\" aria-hidden=\"true\"><\/div>\n<\/form>\n<\/div>\n<\/div>\n<\/div>\n<\/div>\n\n\n\n<h6 class=\"wp-block-heading\"><span style=\"font-weight: 400;\">La comunicaci\u00f3n enviada quedar\u00e1 incorporada a un fichero del que es responsable Abdeslam Nakmoussi Harrak. Esta comunicaci\u00f3n se &#8216;utilizar\u00e1 exclusivamente para tratar sus datos para atender su solicitud, siempre de acuerdo al Reglamento (UE) 2016\/679 (RGPD), la Ley Org\u00e1nica 15\/1999 (LOPD) y el Real Decreto 1720\/2007 de desarrollo de la LOPD), sobre protecci\u00f3n de datos. Sus datos no se comunicaran a terceros, excepto por obligaci\u00f3n legal, y se mantendr\u00e1n mientras no solicite su cancelaci\u00f3n.<\/span><\/h6>\n\n\n\n<h6 class=\"wp-block-heading\"><span style=\"font-weight: 400;\">En cualquier momento usted puede ejercer los derechos de acceso, rectificaci\u00f3n, portabilidad y oposici\u00f3n, o si procede, a la limitaci\u00f3n y\/o cancelaci\u00f3n del tratamiento, comunic\u00e1ndolo por escrito, indicando sus datos personales a C. Pallars, 350 &#8211; 4\u00ba6\u00aa 08019, Barcelona o mediante un email a nakfitbcn@gmail.com.<\/span><\/h6>\n","protected":false},"excerpt":{"rendered":"<p>Estoy aqu\u00ed para ayudarte a conseguir tus objetivos. \u00a1Escr\u00edbeme! La comunicaci\u00f3n enviada quedar\u00e1 incorporada a un fichero del que es responsable Abdeslam Nakmoussi Harrak. Esta comunicaci\u00f3n se &#8216;utilizar\u00e1 exclusivamente para [&hellip;]<\/p>\n","protected":false},"author":5,"featured_media":0,"parent":0,"menu_order":0,"comment_status":"closed","ping_status":"closed","template":"","meta":{"_monsterinsights_skip_tracking":false,"_monsterinsights_sitenote_active":false,"_monsterinsights_sitenote_note":"","_monsterinsights_sitenote_category":0,"_genesis_hide_title":false,"_genesis_hide_breadcrumbs":false,"_genesis_hide_singular_image":false,"_genesis_hide_footer_widgets":false,"_genesis_custom_body_class":"","_genesis_custom_post_class":"","_genesis_layout":"","footnotes":""},"class_list":["post-32","page","type-page","status-publish","entry","has-post-thumbnail"],"yoast_head":"<!-- This site is optimized with the Yoast SEO plugin v26.0 - https:\/\/yoast.com\/wordpress\/plugins\/seo\/ -->\n<title>\u00a1CONTACTA! - NAKFIT bcn<\/title>\n<meta name=\"robots\" content=\"index, follow, max-snippet:-1, max-image-preview:large, max-video-preview:-1\" \/>\n<link rel=\"canonical\" href=\"https:\/\/nakfitbcn.com\/es\/contacta\/\" \/>\n<meta property=\"og:locale\" content=\"es_ES\" \/>\n<meta property=\"og:type\" content=\"article\" \/>\n<meta property=\"og:title\" content=\"\u00a1CONTACTA! - NAKFIT bcn\" \/>\n<meta property=\"og:description\" content=\"Estoy aqu\u00ed para ayudarte a conseguir tus objetivos. \u00a1Escr\u00edbeme! La comunicaci\u00f3n enviada quedar\u00e1 incorporada a un fichero del que es responsable Abdeslam Nakmoussi Harrak. Esta comunicaci\u00f3n se &#8216;utilizar\u00e1 exclusivamente para [&hellip;]\" \/>\n<meta property=\"og:url\" content=\"https:\/\/nakfitbcn.com\/es\/contacta\/\" \/>\n<meta property=\"og:site_name\" content=\"NAKFIT bcn\" \/>\n<meta property=\"article:modified_time\" content=\"2024-01-11T10:59:34+00:00\" \/>\n<meta property=\"og:image\" content=\"https:\/\/nakfitbcn.com\/wp-content\/uploads\/2024\/01\/contacto-abdes-nakfitbcn-entrenador-personal-barcelona-al-aire-libre-1024x1024.jpg\" \/>\n<meta name=\"twitter:card\" content=\"summary_large_image\" \/>\n<meta name=\"twitter:label1\" content=\"Tiempo de lectura\" \/>\n\t<meta name=\"twitter:data1\" content=\"1 minuto\" \/>\n<script type=\"application\/ld+json\" class=\"yoast-schema-graph\">{\"@context\":\"https:\/\/schema.org\",\"@graph\":[{\"@type\":\"WebPage\",\"@id\":\"https:\/\/nakfitbcn.com\/es\/contacta\/\",\"url\":\"https:\/\/nakfitbcn.com\/es\/contacta\/\",\"name\":\"\u00a1CONTACTA! - NAKFIT bcn\",\"isPartOf\":{\"@id\":\"https:\/\/nakfitbcn.com\/es\/#website\"},\"primaryImageOfPage\":{\"@id\":\"https:\/\/nakfitbcn.com\/es\/contacta\/#primaryimage\"},\"image\":{\"@id\":\"https:\/\/nakfitbcn.com\/es\/contacta\/#primaryimage\"},\"thumbnailUrl\":\"https:\/\/nakfitbcn.com\/wp-content\/uploads\/2024\/01\/contacto-abdes-nakfitbcn-entrenador-personal-barcelona-al-aire-libre-1024x1024.jpg\",\"datePublished\":\"2017-07-13T14:35:25+00:00\",\"dateModified\":\"2024-01-11T10:59:34+00:00\",\"breadcrumb\":{\"@id\":\"https:\/\/nakfitbcn.com\/es\/contacta\/#breadcrumb\"},\"inLanguage\":\"es\",\"potentialAction\":[{\"@type\":\"ReadAction\",\"target\":[\"https:\/\/nakfitbcn.com\/es\/contacta\/\"]}]},{\"@type\":\"ImageObject\",\"inLanguage\":\"es\",\"@id\":\"https:\/\/nakfitbcn.com\/es\/contacta\/#primaryimage\",\"url\":\"https:\/\/nakfitbcn.com\/wp-content\/uploads\/2024\/01\/contacto-abdes-nakfitbcn-entrenador-personal-barcelona-al-aire-libre-1024x1024.jpg\",\"contentUrl\":\"https:\/\/nakfitbcn.com\/wp-content\/uploads\/2024\/01\/contacto-abdes-nakfitbcn-entrenador-personal-barcelona-al-aire-libre-1024x1024.jpg\"},{\"@type\":\"BreadcrumbList\",\"@id\":\"https:\/\/nakfitbcn.com\/es\/contacta\/#breadcrumb\",\"itemListElement\":[{\"@type\":\"ListItem\",\"position\":1,\"name\":\"Portada\",\"item\":\"https:\/\/nakfitbcn.com\/es\/\"},{\"@type\":\"ListItem\",\"position\":2,\"name\":\"\u00a1CONTACTA!\"}]},{\"@type\":\"WebSite\",\"@id\":\"https:\/\/nakfitbcn.com\/es\/#website\",\"url\":\"https:\/\/nakfitbcn.com\/es\/\",\"name\":\"NAKFIT bcn\",\"description\":\"Entrenador personal titulado en Barcelona. Entrenos al aire libre, en tu casa o tu oficina.\",\"publisher\":{\"@id\":\"https:\/\/nakfitbcn.com\/es\/#organization\"},\"potentialAction\":[{\"@type\":\"SearchAction\",\"target\":{\"@type\":\"EntryPoint\",\"urlTemplate\":\"https:\/\/nakfitbcn.com\/es\/?s={search_term_string}\"},\"query-input\":{\"@type\":\"PropertyValueSpecification\",\"valueRequired\":true,\"valueName\":\"search_term_string\"}}],\"inLanguage\":\"es\"},{\"@type\":\"Organization\",\"@id\":\"https:\/\/nakfitbcn.com\/es\/#organization\",\"name\":\"NAKFIT bcn\",\"url\":\"https:\/\/nakfitbcn.com\/es\/\",\"logo\":{\"@type\":\"ImageObject\",\"inLanguage\":\"es\",\"@id\":\"https:\/\/nakfitbcn.com\/es\/#\/schema\/logo\/image\/\",\"url\":\"https:\/\/nakfitbcn.com\/wp-content\/uploads\/2017\/07\/cropped-NAKFIT-vWEB_v1-1.jpg\",\"contentUrl\":\"https:\/\/nakfitbcn.com\/wp-content\/uploads\/2017\/07\/cropped-NAKFIT-vWEB_v1-1.jpg\",\"width\":500,\"height\":226,\"caption\":\"NAKFIT bcn\"},\"image\":{\"@id\":\"https:\/\/nakfitbcn.com\/es\/#\/schema\/logo\/image\/\"}}]}<\/script>\n<!-- \/ Yoast SEO plugin. -->","yoast_head_json":{"title":"\u00a1CONTACTA! - NAKFIT bcn","robots":{"index":"index","follow":"follow","max-snippet":"max-snippet:-1","max-image-preview":"max-image-preview:large","max-video-preview":"max-video-preview:-1"},"canonical":"https:\/\/nakfitbcn.com\/es\/contacta\/","og_locale":"es_ES","og_type":"article","og_title":"\u00a1CONTACTA! - NAKFIT bcn","og_description":"Estoy aqu\u00ed para ayudarte a conseguir tus objetivos. \u00a1Escr\u00edbeme! La comunicaci\u00f3n enviada quedar\u00e1 incorporada a un fichero del que es responsable Abdeslam Nakmoussi Harrak. Esta comunicaci\u00f3n se &#8216;utilizar\u00e1 exclusivamente para [&hellip;]","og_url":"https:\/\/nakfitbcn.com\/es\/contacta\/","og_site_name":"NAKFIT bcn","article_modified_time":"2024-01-11T10:59:34+00:00","og_image":[{"url":"https:\/\/nakfitbcn.com\/wp-content\/uploads\/2024\/01\/contacto-abdes-nakfitbcn-entrenador-personal-barcelona-al-aire-libre-1024x1024.jpg","type":"","width":"","height":""}],"twitter_card":"summary_large_image","twitter_misc":{"Tiempo de lectura":"1 minuto"},"schema":{"@context":"https:\/\/schema.org","@graph":[{"@type":"WebPage","@id":"https:\/\/nakfitbcn.com\/es\/contacta\/","url":"https:\/\/nakfitbcn.com\/es\/contacta\/","name":"\u00a1CONTACTA! - NAKFIT bcn","isPartOf":{"@id":"https:\/\/nakfitbcn.com\/es\/#website"},"primaryImageOfPage":{"@id":"https:\/\/nakfitbcn.com\/es\/contacta\/#primaryimage"},"image":{"@id":"https:\/\/nakfitbcn.com\/es\/contacta\/#primaryimage"},"thumbnailUrl":"https:\/\/nakfitbcn.com\/wp-content\/uploads\/2024\/01\/contacto-abdes-nakfitbcn-entrenador-personal-barcelona-al-aire-libre-1024x1024.jpg","datePublished":"2017-07-13T14:35:25+00:00","dateModified":"2024-01-11T10:59:34+00:00","breadcrumb":{"@id":"https:\/\/nakfitbcn.com\/es\/contacta\/#breadcrumb"},"inLanguage":"es","potentialAction":[{"@type":"ReadAction","target":["https:\/\/nakfitbcn.com\/es\/contacta\/"]}]},{"@type":"ImageObject","inLanguage":"es","@id":"https:\/\/nakfitbcn.com\/es\/contacta\/#primaryimage","url":"https:\/\/nakfitbcn.com\/wp-content\/uploads\/2024\/01\/contacto-abdes-nakfitbcn-entrenador-personal-barcelona-al-aire-libre-1024x1024.jpg","contentUrl":"https:\/\/nakfitbcn.com\/wp-content\/uploads\/2024\/01\/contacto-abdes-nakfitbcn-entrenador-personal-barcelona-al-aire-libre-1024x1024.jpg"},{"@type":"BreadcrumbList","@id":"https:\/\/nakfitbcn.com\/es\/contacta\/#breadcrumb","itemListElement":[{"@type":"ListItem","position":1,"name":"Portada","item":"https:\/\/nakfitbcn.com\/es\/"},{"@type":"ListItem","position":2,"name":"\u00a1CONTACTA!"}]},{"@type":"WebSite","@id":"https:\/\/nakfitbcn.com\/es\/#website","url":"https:\/\/nakfitbcn.com\/es\/","name":"NAKFIT bcn","description":"Entrenador personal titulado en Barcelona. Entrenos al aire libre, en tu casa o tu oficina.","publisher":{"@id":"https:\/\/nakfitbcn.com\/es\/#organization"},"potentialAction":[{"@type":"SearchAction","target":{"@type":"EntryPoint","urlTemplate":"https:\/\/nakfitbcn.com\/es\/?s={search_term_string}"},"query-input":{"@type":"PropertyValueSpecification","valueRequired":true,"valueName":"search_term_string"}}],"inLanguage":"es"},{"@type":"Organization","@id":"https:\/\/nakfitbcn.com\/es\/#organization","name":"NAKFIT bcn","url":"https:\/\/nakfitbcn.com\/es\/","logo":{"@type":"ImageObject","inLanguage":"es","@id":"https:\/\/nakfitbcn.com\/es\/#\/schema\/logo\/image\/","url":"https:\/\/nakfitbcn.com\/wp-content\/uploads\/2017\/07\/cropped-NAKFIT-vWEB_v1-1.jpg","contentUrl":"https:\/\/nakfitbcn.com\/wp-content\/uploads\/2017\/07\/cropped-NAKFIT-vWEB_v1-1.jpg","width":500,"height":226,"caption":"NAKFIT bcn"},"image":{"@id":"https:\/\/nakfitbcn.com\/es\/#\/schema\/logo\/image\/"}}]}},"_links":{"self":[{"href":"https:\/\/nakfitbcn.com\/es\/wp-json\/wp\/v2\/pages\/32","targetHints":{"allow":["GET"]}}],"collection":[{"href":"https:\/\/nakfitbcn.com\/es\/wp-json\/wp\/v2\/pages"}],"about":[{"href":"https:\/\/nakfitbcn.com\/es\/wp-json\/wp\/v2\/types\/page"}],"author":[{"embeddable":true,"href":"https:\/\/nakfitbcn.com\/es\/wp-json\/wp\/v2\/users\/5"}],"replies":[{"embeddable":true,"href":"https:\/\/nakfitbcn.com\/es\/wp-json\/wp\/v2\/comments?post=32"}],"version-history":[{"count":10,"href":"https:\/\/nakfitbcn.com\/es\/wp-json\/wp\/v2\/pages\/32\/revisions"}],"predecessor-version":[{"id":769,"href":"https:\/\/nakfitbcn.com\/es\/wp-json\/wp\/v2\/pages\/32\/revisions\/769"}],"wp:attachment":[{"href":"https:\/\/nakfitbcn.com\/es\/wp-json\/wp\/v2\/media?parent=32"}],"curies":[{"name":"wp","href":"https:\/\/api.w.org\/{rel}","templated":true}]}}