{"id":2,"date":"2017-02-13T07:22:04","date_gmt":"2017-02-13T07:22:04","guid":{"rendered":"http:\/\/nakfitbcn.com\/?page_id=2"},"modified":"2025-06-24T16:46:11","modified_gmt":"2025-06-24T14:46:11","slug":"quien-soy","status":"publish","type":"page","link":"https:\/\/nakfitbcn.com\/es\/quien-soy\/","title":{"rendered":"Qui\u00e9n soy"},"content":{"rendered":"\n<div class=\"wp-block-columns is-layout-flex wp-container-core-columns-is-layout-9d6595d7 wp-block-columns-is-layout-flex\">\n<div class=\"wp-block-column is-layout-flow wp-block-column-is-layout-flow\" style=\"flex-basis:70%\">\n<figure class=\"wp-block-image size-large\"><img fetchpriority=\"high\" decoding=\"async\" width=\"576\" height=\"1024\" src=\"https:\/\/nakfitbcn.com\/wp-content\/uploads\/2024\/01\/quien-soy-abdes-nakfit-bcn-entrenador-personal-en-barcelona-576x1024.jpg\" alt=\"\" class=\"wp-image-732\" srcset=\"https:\/\/nakfitbcn.com\/wp-content\/uploads\/2024\/01\/quien-soy-abdes-nakfit-bcn-entrenador-personal-en-barcelona-576x1024.jpg 576w, https:\/\/nakfitbcn.com\/wp-content\/uploads\/2024\/01\/quien-soy-abdes-nakfit-bcn-entrenador-personal-en-barcelona-169x300.jpg 169w, https:\/\/nakfitbcn.com\/wp-content\/uploads\/2024\/01\/quien-soy-abdes-nakfit-bcn-entrenador-personal-en-barcelona.jpg 675w\" sizes=\"(max-width: 576px) 100vw, 576px\" \/><\/figure>\n<\/div>\n\n\n\n<div class=\"wp-block-column is-layout-flow wp-block-column-is-layout-flow\" style=\"flex-basis:70%\">\n<div style=\"height:5px\" aria-hidden=\"true\" class=\"wp-block-spacer\"><\/div>\n\n\n\n<p><strong>\u00a1Hola! <\/strong><\/p>\n\n\n\n<p>Mi nombre es Abdes, y tras muchos a\u00f1os dedic\u00e1ndome al mundo administrativo decid\u00ed convertir mi hobby, que era el <strong>deporte,<\/strong> en mi profesi\u00f3n. <\/p>\n\n\n\n<p>As\u00ed que lo dej\u00e9 todo para estudiar <em>CFGS de animaci\u00f3n actividades f\u00edsicas y deporte<\/em>. <\/p>\n\n\n\n<p>Desde que hice las pr\u00e1cticas en centro deportivo <em>UBAE Eurofitness<\/em>&nbsp;en 2009, no he dejado disfrutar con mi trabajo, tanto como <strong>t\u00e9cnico de actividades dirigidas<\/strong> (Body Pump, Body Combat, Cycling o Body Balance) como de <strong>entrenador personal<\/strong>.<\/p>\n<\/div>\n<\/div>\n\n\n\n<p>Despu\u00e9s de trabajar durante m\u00e1s de 8 a\u00f1os y relacionarme con mucha clientela, descubr\u00ed que la mayor\u00eda de las personas que est\u00e1n todo el d\u00eda encerrados en sus trabajos u ocupaci\u00f3n familiar, encuentran en el gimnasio la <strong>desconexi\u00f3n<\/strong> y <strong>liberaci\u00f3n del estr\u00e9s laboral, social, etc.<\/strong><\/p>\n\n\n\n<p>La satisfacci\u00f3n de conseguir los objetivos principales aumentaban cuando organizaba actividades en el exterior (parques, playa o monta\u00f1a) y descubr\u00ed trabajando con mis clientes que entrenar <strong>al aire libre<\/strong> les aportaba m\u00e1s <strong>alegr\u00eda<\/strong> y sensaci\u00f3n de <strong>libertad<\/strong>.<\/p>\n\n\n\n<p>Esto me llev\u00f3 a crear <strong>NAKFIT bcn<\/strong>, un proyecto que quiere ofrecerte <strong>entrenar en espacios abiertos<\/strong> para sentir esa libertad, practicando deporte. Donde tu Entrenador Personal, con el objetivo que quieres lograr siempre en mente: <em>p\u00e9rdida de peso, mejora de condici\u00f3n f\u00edsica, salud, pruebas deportivas, etc<\/em>., se adapta a tus necesidades facilit\u00e1ndote <strong>una franja horaria flexible<\/strong> y acerc\u00e1ndose a la zona <strong>donde quieras entrenar.<\/strong><\/p>\n\n\n\n<div style=\"height:10px\" aria-hidden=\"true\" class=\"wp-block-spacer\"><\/div>\n\n\n\n<p class=\"has-text-align-center\"><a class=\"button\" href=\"https:\/\/nakfitbcn.com\/contacta\/\">\u00a1Contacta conmigo!<\/a><\/p>\n\n\n\n<div style=\"height:10px\" aria-hidden=\"true\" class=\"wp-block-spacer\"><\/div>\n\n\n\n<h2 class=\"has-text-align-left wp-block-heading\">Mis titulaciones:<\/h2>\n\n\n\n<p class=\"has-text-align-left\">CFGS animaci\u00f3n actividad f\u00edsicas y deporte<\/p>\n\n\n\n<p class=\"has-text-align-left\"><a href=\"https:\/\/nakfitbcn.com\/wp-content\/uploads\/2018\/02\/titulo-EP.pdf\" target=\"_blank\" rel=\"noopener noreferrer\">Entrenador personal (ANEF)<\/a><\/p>\n\n\n\n<p class=\"has-text-align-left\"><a href=\"https:\/\/nakfitbcn.com\/wp-content\/uploads\/2018\/02\/titulo-boxa.pdf\" target=\"_blank\" rel=\"noopener noreferrer\">Entrenador de Boxeo por la Federaci\u00f3n Catalana de Boxeo<\/a><\/p>\n\n\n\n<p class=\"has-text-align-left\">Instructor de actividades dirigidas<\/p>\n\n\n\n<p class=\"has-text-align-left\"><a href=\"https:\/\/nakfitbcn.com\/wp-content\/uploads\/2018\/02\/certificat-ROPEC.pdf\" target=\"_blank\" rel=\"noopener noreferrer\">Certificado Registro oficial de profesionales del deporte en Catalu\u00f1a<\/a><\/p>\n","protected":false},"excerpt":{"rendered":"<p>\u00a1Hola! Mi nombre es Abdes, y tras muchos a\u00f1os dedic\u00e1ndome al mundo administrativo decid\u00ed convertir mi hobby, que era el deporte, en mi profesi\u00f3n. As\u00ed que lo dej\u00e9 todo para [&hellip;]<\/p>\n","protected":false},"author":6,"featured_media":0,"parent":0,"menu_order":0,"comment_status":"closed","ping_status":"open","template":"","meta":{"_monsterinsights_skip_tracking":false,"_monsterinsights_sitenote_active":false,"_monsterinsights_sitenote_note":"","_monsterinsights_sitenote_category":0,"_genesis_hide_title":false,"_genesis_hide_breadcrumbs":false,"_genesis_hide_singular_image":false,"_genesis_hide_footer_widgets":false,"_genesis_custom_body_class":"","_genesis_custom_post_class":"","_genesis_layout":"","footnotes":""},"class_list":["post-2","page","type-page","status-publish","entry","has-post-thumbnail"],"yoast_head":"<!-- This site is optimized with the Yoast SEO plugin v26.0 - https:\/\/yoast.com\/wordpress\/plugins\/seo\/ -->\n<title>Qui\u00e9n soy - NAKFIT bcn<\/title>\n<meta name=\"robots\" content=\"index, follow, max-snippet:-1, max-image-preview:large, max-video-preview:-1\" \/>\n<link rel=\"canonical\" href=\"https:\/\/nakfitbcn.com\/es\/quien-soy\/\" \/>\n<meta property=\"og:locale\" content=\"es_ES\" \/>\n<meta property=\"og:type\" content=\"article\" \/>\n<meta property=\"og:title\" content=\"Qui\u00e9n soy - NAKFIT bcn\" \/>\n<meta property=\"og:description\" content=\"\u00a1Hola! Mi nombre es Abdes, y tras muchos a\u00f1os dedic\u00e1ndome al mundo administrativo decid\u00ed convertir mi hobby, que era el deporte, en mi profesi\u00f3n. As\u00ed que lo dej\u00e9 todo para [&hellip;]\" \/>\n<meta property=\"og:url\" content=\"https:\/\/nakfitbcn.com\/es\/quien-soy\/\" \/>\n<meta property=\"og:site_name\" content=\"NAKFIT bcn\" \/>\n<meta property=\"article:modified_time\" content=\"2025-06-24T14:46:11+00:00\" \/>\n<meta property=\"og:image\" content=\"https:\/\/nakfitbcn.com\/wp-content\/uploads\/2024\/01\/quien-soy-abdes-nakfit-bcn-entrenador-personal-en-barcelona.jpg\" \/>\n\t<meta property=\"og:image:width\" content=\"675\" \/>\n\t<meta property=\"og:image:height\" content=\"1200\" \/>\n\t<meta property=\"og:image:type\" content=\"image\/jpeg\" \/>\n<meta name=\"twitter:card\" content=\"summary_large_image\" \/>\n<meta name=\"twitter:label1\" content=\"Tiempo de lectura\" \/>\n\t<meta name=\"twitter:data1\" content=\"2 minutos\" \/>\n<script type=\"application\/ld+json\" class=\"yoast-schema-graph\">{\"@context\":\"https:\/\/schema.org\",\"@graph\":[{\"@type\":\"WebPage\",\"@id\":\"https:\/\/nakfitbcn.com\/es\/quien-soy\/\",\"url\":\"https:\/\/nakfitbcn.com\/es\/quien-soy\/\",\"name\":\"Qui\u00e9n soy - NAKFIT bcn\",\"isPartOf\":{\"@id\":\"https:\/\/nakfitbcn.com\/es\/#website\"},\"primaryImageOfPage\":{\"@id\":\"https:\/\/nakfitbcn.com\/es\/quien-soy\/#primaryimage\"},\"image\":{\"@id\":\"https:\/\/nakfitbcn.com\/es\/quien-soy\/#primaryimage\"},\"thumbnailUrl\":\"https:\/\/nakfitbcn.com\/wp-content\/uploads\/2024\/01\/quien-soy-abdes-nakfit-bcn-entrenador-personal-en-barcelona-576x1024.jpg\",\"datePublished\":\"2017-02-13T07:22:04+00:00\",\"dateModified\":\"2025-06-24T14:46:11+00:00\",\"breadcrumb\":{\"@id\":\"https:\/\/nakfitbcn.com\/es\/quien-soy\/#breadcrumb\"},\"inLanguage\":\"es\",\"potentialAction\":[{\"@type\":\"ReadAction\",\"target\":[\"https:\/\/nakfitbcn.com\/es\/quien-soy\/\"]}]},{\"@type\":\"ImageObject\",\"inLanguage\":\"es\",\"@id\":\"https:\/\/nakfitbcn.com\/es\/quien-soy\/#primaryimage\",\"url\":\"https:\/\/nakfitbcn.com\/wp-content\/uploads\/2024\/01\/quien-soy-abdes-nakfit-bcn-entrenador-personal-en-barcelona-576x1024.jpg\",\"contentUrl\":\"https:\/\/nakfitbcn.com\/wp-content\/uploads\/2024\/01\/quien-soy-abdes-nakfit-bcn-entrenador-personal-en-barcelona-576x1024.jpg\"},{\"@type\":\"BreadcrumbList\",\"@id\":\"https:\/\/nakfitbcn.com\/es\/quien-soy\/#breadcrumb\",\"itemListElement\":[{\"@type\":\"ListItem\",\"position\":1,\"name\":\"Portada\",\"item\":\"https:\/\/nakfitbcn.com\/es\/\"},{\"@type\":\"ListItem\",\"position\":2,\"name\":\"Qui\u00e9n soy\"}]},{\"@type\":\"WebSite\",\"@id\":\"https:\/\/nakfitbcn.com\/es\/#website\",\"url\":\"https:\/\/nakfitbcn.com\/es\/\",\"name\":\"NAKFIT bcn\",\"description\":\"Entrenador personal titulado en Barcelona. Entrenos al aire libre, en tu casa o tu oficina.\",\"publisher\":{\"@id\":\"https:\/\/nakfitbcn.com\/es\/#organization\"},\"potentialAction\":[{\"@type\":\"SearchAction\",\"target\":{\"@type\":\"EntryPoint\",\"urlTemplate\":\"https:\/\/nakfitbcn.com\/es\/?s={search_term_string}\"},\"query-input\":{\"@type\":\"PropertyValueSpecification\",\"valueRequired\":true,\"valueName\":\"search_term_string\"}}],\"inLanguage\":\"es\"},{\"@type\":\"Organization\",\"@id\":\"https:\/\/nakfitbcn.com\/es\/#organization\",\"name\":\"NAKFIT bcn\",\"url\":\"https:\/\/nakfitbcn.com\/es\/\",\"logo\":{\"@type\":\"ImageObject\",\"inLanguage\":\"es\",\"@id\":\"https:\/\/nakfitbcn.com\/es\/#\/schema\/logo\/image\/\",\"url\":\"https:\/\/nakfitbcn.com\/wp-content\/uploads\/2017\/07\/cropped-NAKFIT-vWEB_v1-1.jpg\",\"contentUrl\":\"https:\/\/nakfitbcn.com\/wp-content\/uploads\/2017\/07\/cropped-NAKFIT-vWEB_v1-1.jpg\",\"width\":500,\"height\":226,\"caption\":\"NAKFIT bcn\"},\"image\":{\"@id\":\"https:\/\/nakfitbcn.com\/es\/#\/schema\/logo\/image\/\"}}]}<\/script>\n<!-- \/ Yoast SEO plugin. -->","yoast_head_json":{"title":"Qui\u00e9n soy - NAKFIT bcn","robots":{"index":"index","follow":"follow","max-snippet":"max-snippet:-1","max-image-preview":"max-image-preview:large","max-video-preview":"max-video-preview:-1"},"canonical":"https:\/\/nakfitbcn.com\/es\/quien-soy\/","og_locale":"es_ES","og_type":"article","og_title":"Qui\u00e9n soy - NAKFIT bcn","og_description":"\u00a1Hola! Mi nombre es Abdes, y tras muchos a\u00f1os dedic\u00e1ndome al mundo administrativo decid\u00ed convertir mi hobby, que era el deporte, en mi profesi\u00f3n. As\u00ed que lo dej\u00e9 todo para [&hellip;]","og_url":"https:\/\/nakfitbcn.com\/es\/quien-soy\/","og_site_name":"NAKFIT bcn","article_modified_time":"2025-06-24T14:46:11+00:00","og_image":[{"width":675,"height":1200,"url":"https:\/\/nakfitbcn.com\/wp-content\/uploads\/2024\/01\/quien-soy-abdes-nakfit-bcn-entrenador-personal-en-barcelona.jpg","type":"image\/jpeg"}],"twitter_card":"summary_large_image","twitter_misc":{"Tiempo de lectura":"2 minutos"},"schema":{"@context":"https:\/\/schema.org","@graph":[{"@type":"WebPage","@id":"https:\/\/nakfitbcn.com\/es\/quien-soy\/","url":"https:\/\/nakfitbcn.com\/es\/quien-soy\/","name":"Qui\u00e9n soy - NAKFIT bcn","isPartOf":{"@id":"https:\/\/nakfitbcn.com\/es\/#website"},"primaryImageOfPage":{"@id":"https:\/\/nakfitbcn.com\/es\/quien-soy\/#primaryimage"},"image":{"@id":"https:\/\/nakfitbcn.com\/es\/quien-soy\/#primaryimage"},"thumbnailUrl":"https:\/\/nakfitbcn.com\/wp-content\/uploads\/2024\/01\/quien-soy-abdes-nakfit-bcn-entrenador-personal-en-barcelona-576x1024.jpg","datePublished":"2017-02-13T07:22:04+00:00","dateModified":"2025-06-24T14:46:11+00:00","breadcrumb":{"@id":"https:\/\/nakfitbcn.com\/es\/quien-soy\/#breadcrumb"},"inLanguage":"es","potentialAction":[{"@type":"ReadAction","target":["https:\/\/nakfitbcn.com\/es\/quien-soy\/"]}]},{"@type":"ImageObject","inLanguage":"es","@id":"https:\/\/nakfitbcn.com\/es\/quien-soy\/#primaryimage","url":"https:\/\/nakfitbcn.com\/wp-content\/uploads\/2024\/01\/quien-soy-abdes-nakfit-bcn-entrenador-personal-en-barcelona-576x1024.jpg","contentUrl":"https:\/\/nakfitbcn.com\/wp-content\/uploads\/2024\/01\/quien-soy-abdes-nakfit-bcn-entrenador-personal-en-barcelona-576x1024.jpg"},{"@type":"BreadcrumbList","@id":"https:\/\/nakfitbcn.com\/es\/quien-soy\/#breadcrumb","itemListElement":[{"@type":"ListItem","position":1,"name":"Portada","item":"https:\/\/nakfitbcn.com\/es\/"},{"@type":"ListItem","position":2,"name":"Qui\u00e9n soy"}]},{"@type":"WebSite","@id":"https:\/\/nakfitbcn.com\/es\/#website","url":"https:\/\/nakfitbcn.com\/es\/","name":"NAKFIT bcn","description":"Entrenador personal titulado en Barcelona. Entrenos al aire libre, en tu casa o tu oficina.","publisher":{"@id":"https:\/\/nakfitbcn.com\/es\/#organization"},"potentialAction":[{"@type":"SearchAction","target":{"@type":"EntryPoint","urlTemplate":"https:\/\/nakfitbcn.com\/es\/?s={search_term_string}"},"query-input":{"@type":"PropertyValueSpecification","valueRequired":true,"valueName":"search_term_string"}}],"inLanguage":"es"},{"@type":"Organization","@id":"https:\/\/nakfitbcn.com\/es\/#organization","name":"NAKFIT bcn","url":"https:\/\/nakfitbcn.com\/es\/","logo":{"@type":"ImageObject","inLanguage":"es","@id":"https:\/\/nakfitbcn.com\/es\/#\/schema\/logo\/image\/","url":"https:\/\/nakfitbcn.com\/wp-content\/uploads\/2017\/07\/cropped-NAKFIT-vWEB_v1-1.jpg","contentUrl":"https:\/\/nakfitbcn.com\/wp-content\/uploads\/2017\/07\/cropped-NAKFIT-vWEB_v1-1.jpg","width":500,"height":226,"caption":"NAKFIT bcn"},"image":{"@id":"https:\/\/nakfitbcn.com\/es\/#\/schema\/logo\/image\/"}}]}},"_links":{"self":[{"href":"https:\/\/nakfitbcn.com\/es\/wp-json\/wp\/v2\/pages\/2","targetHints":{"allow":["GET"]}}],"collection":[{"href":"https:\/\/nakfitbcn.com\/es\/wp-json\/wp\/v2\/pages"}],"about":[{"href":"https:\/\/nakfitbcn.com\/es\/wp-json\/wp\/v2\/types\/page"}],"author":[{"embeddable":true,"href":"https:\/\/nakfitbcn.com\/es\/wp-json\/wp\/v2\/users\/6"}],"replies":[{"embeddable":true,"href":"https:\/\/nakfitbcn.com\/es\/wp-json\/wp\/v2\/comments?post=2"}],"version-history":[{"count":31,"href":"https:\/\/nakfitbcn.com\/es\/wp-json\/wp\/v2\/pages\/2\/revisions"}],"predecessor-version":[{"id":752,"href":"https:\/\/nakfitbcn.com\/es\/wp-json\/wp\/v2\/pages\/2\/revisions\/752"}],"wp:attachment":[{"href":"https:\/\/nakfitbcn.com\/es\/wp-json\/wp\/v2\/media?parent=2"}],"curies":[{"name":"wp","href":"https:\/\/api.w.org\/{rel}","templated":true}]}}