{"id":180,"date":"2018-02-04T16:34:47","date_gmt":"2018-02-04T15:34:47","guid":{"rendered":"https:\/\/nakfitbcn.com\/?page_id=180"},"modified":"2018-02-04T16:34:47","modified_gmt":"2018-02-04T15:34:47","slug":"politica-de-privacidad","status":"publish","type":"page","link":"https:\/\/nakfitbcn.com\/es\/politica-de-privacidad\/","title":{"rendered":"Pol\u00edtica de privacidad"},"content":{"rendered":"<p><b>Pol\u00edtica de Privacidad<\/b><\/p>\n<p><span style=\"font-weight: 400;\">En cumplimiento del Cap\u00edtulo II de la ley 34\/2002, LSSICE, los informamos que la presente p\u00e1gina web es propiedad de <\/span><b>Abdeslam Nakmoussi Harrak<\/b><span style=\"font-weight: 400;\">, de ahora en adelante tambi\u00e9n el Prestador, domiciliada a C. Pallars, 350 &#8211; 4\u00ba6\u00aa 08019, Barcelona, con CIF 46421760D, tel\u00e9fono de contacto: 646382845, y email: nakfitbcn@gmail.com.<\/span><\/p>\n<p><b>Abdeslam Nakmoussi Harrak<\/b><span style=\"font-weight: 400;\">, como responsable del presente Sitio web y en conformidad con lo que dispone la normativa vigente en materia de protecci\u00f3n de datos personales, el Reglamento (UE) 2016\/679 de 27 de abril de 2016 (RGPD) relativo a la protecci\u00f3n de las personas f\u00edsicas en cuanto al tratamiento de datos personales y a la libre circulaci\u00f3n de estos datos, la Ley Org\u00e1nica 15\/1999, de 13 de diciembre, de Protecci\u00f3n de Datos de Car\u00e1cter Personal (LOPD) y por la Ley 34\/2002, de 11 de julio, de Servicios de la Sociedad de la Informaci\u00f3n y del Comercio Electr\u00f3nico (LSSICE), tiene implementadas todas las medidas de seguridad, de \u00edndole t\u00e9cnica y organizativas, establecidas en el Real decreto 1720\/2007 de 21 de Diciembre, (que desarrolla la LOPD) para garantizar y proteger la confidencialidad, integridad y disponibilidad de los datos introducidos.<\/span><\/p>\n<p><span style=\"font-weight: 400;\">A efectos de lo que prev\u00e9 la LOPD, <\/span><b>Abdeslam Nakmoussi Harrak<\/b><span style=\"font-weight: 400;\"> le informa que los datos que voluntariamente nos est\u00e1 facilitando ser\u00e1n incorporadas a nuestros sistemas de informaci\u00f3n con el fin de realizar las gestiones comerciales y administrativas necesarias con los usuarios de la web; Las operaciones previstas para realizar los tratamientos son los siguientes: responder a las consultas y\/o proporcionar informaciones requeridas por el Usuario; realizar las prestaciones de servicios y\/o productos contratados o subscritos por el Usuario; realizar todas aquellas actividades propias de <\/span><b>Abdeslam Nakmoussi Harrak<\/b><span style=\"font-weight: 400;\"> por el presente aviso legal rese\u00f1adas y remitir el bolet\u00edn de noticias de la p\u00e1gina web.<\/span><\/p>\n<p><span style=\"font-weight: 400;\">El firmante garantiza la veracidad de los datos aportados y se compromete a comunicar cualquier cambio que se produzca en los mismos.<\/span><\/p>\n<p><span style=\"font-weight: 400;\">El Prestador, mediante asterisco (*) en las casillas correspondientes del formulario de contacto, le informa de esta obligatoriedad al Usuario, indicando qu\u00e9 datos son necesarios. Mediante la indicaci\u00f3n e introducci\u00f3n de los datos, el Usuario otorga el consentimiento inequ\u00edvoco a <\/span><b>Abdeslam Nakmoussi Harrak<\/b><span style=\"font-weight: 400;\"> para que proceda al tratamiento de los datos facilitados en pro de las finalidades mencionadas.<\/span><\/p>\n<p><span style=\"font-weight: 400;\">El no facilitar los datos personales solicitados o el no aceptar la presente pol\u00edtica de protecci\u00f3n de datos supone la imposibilidad de subscribirse, registrarse o recibir informaci\u00f3n de los productos y servicios del Prestador.<\/span><\/p>\n<p><span style=\"font-weight: 400;\">En conformidad con lo que disponen las normativas vigentes en protecci\u00f3n de datos personales, el Prestador est\u00e1 cumpliendo con todas las disposiciones de las normativas RGPD y LOPD para el tratamiento de los datos personales de su responsabilidad, y manifiestamente con los principios descritos al art. 5 del RGPD y al art. 4 de la LOPD, por los cuales son tratados de manera l\u00edcita, leal y transparente en relaci\u00f3n con el interesado y adecuadas, pertinentes y limitados al que es necesario en relaci\u00f3n con los fines para los cuales son tratados.<\/span><\/p>\n<p><span style=\"font-weight: 400;\">El RESPONSABLE garantiza que ha implementado pol\u00edticas t\u00e9cnicas y organizativas apropiadas para aplicar las medidas de seguridad que establecen el RGPD y la LOPD para proteger los derechos y libertades de los Usuarios.<\/span><\/p>\n<p><span style=\"font-weight: 400;\">De acuerdo con estas normativas, pues, le informamos que tiene derecho a solicitar el acceso, rectificaci\u00f3n, portabilidad y supresi\u00f3n de sus datos y la limitaci\u00f3n y oposici\u00f3n a su tratamiento dirigi\u00e9ndose a C. Pallars, 350 &#8211; 4\u00ba6\u00aa 08019, Barcelona, enviando un correo electr\u00f3nico a nakfitbcn@gmail.com, indicando como Asunto: \u201cLOPD, Derechos ARCO\u201d, y adjuntando fotocopia de su DNI o cualquier medio an\u00e1logo en derecho, tal y como indica la ley. Tiene derecho a retirar el consentimiento prestado en cualquier momento. La retirada del consentimiento no afectar\u00e1 a la licitud del tratamiento efectuado antes de la retirada del consentimiento. Tambi\u00e9n tiene derecho a presentar una reclamaci\u00f3n ante la autoridad de control si considera que pueden haberse visto vulnerados sus derechos en relaci\u00f3n a la protecci\u00f3n de sus datos (agpd.es).<\/span><\/p>\n<p><b>CONFIDENCIALIDAD Y CESI\u00d3N DE DATOS A TERCEROS<\/b><\/p>\n<p><span style=\"font-weight: 400;\">Los datos que nos facilite se tratar\u00e1n de forma confidencial. El Prestador ha adoptado todas las medidas t\u00e9cnicas y organizativas y todos los niveles de protecci\u00f3n necesarios para garantizar la seguridad en el tratamiento de los datos y evitar su alteraci\u00f3n, p\u00e9rdida, robo, tratamiento o acceso no autorizado, de acuerdo el estado de la tecnolog\u00eda y naturaleza de los datos almacenados. As\u00ed mismo, se garantiza tambi\u00e9n que el tratamiento y registro en ficheros, programas, sistemas o equipos, locales y centros cumplen con los requisitos y condiciones de integridad y seguridad establecidas en la normativa vigente.<\/span><\/p>\n<p><b>Abdeslam Nakmoussi Harrak<\/b><span style=\"font-weight: 400;\"> no ceder\u00e1 los datos personales a terceros, excepto por obligaci\u00f3n legal. Sin embargo, en el caso de ser cedidos a alg\u00fan tercero se producir\u00eda una informaci\u00f3n previa solicitando el consentimiento expreso para tal cesi\u00f3n. La entidad responsable de la base de datos, as\u00ed como los que intervengan en cualquier fase del tratamiento y\/o las entidades a quienes se los haya comunicado -en todo caso siempre con la correspondiente autorizaci\u00f3n otorgada por el usuario-, est\u00e1n obligadas a observar el secreto profesional y a la adopci\u00f3n de los niveles de protecci\u00f3n y las medidas t\u00e9cnicas y organizativas necesarias a su alcance para garantizar la seguridad de los datos de car\u00e1cter personal, evitando, dentro de lo posible, accesos no autorizados,modificaciones il\u00edcitas, substracciones y\/o la p\u00e9rdida de los datos, con objeto de procurar el correspondiente nivel de seguridad de los ficheros del Prestador, seg\u00fan la naturaleza y sensibilidad de los datos facilitados por los usuarios del presente Sitio web.<\/span><\/p>\n<p><b>ACEPTACI\u00d3N Y CONSENTIMIENTO<\/b><\/p>\n<p><span style=\"font-weight: 400;\">El Usuario declara haber sido informado de las condiciones sobre protecci\u00f3n de datos de car\u00e1cter personal, aceptando y consintiendo el tratamiento automatizado de los mismos por parte de <\/span><b>Abdeslam Nakmoussi Harrak<\/b><span style=\"font-weight: 400;\"> en la forma y para las finalidades indicadas en la presente Pol\u00edtica de Protecci\u00f3n de Datos Personales.<\/span><\/p>\n<p><span style=\"font-weight: 400;\">Por lo tanto, al utilizar este formulario para contactar con <\/span><b>Abdeslam Nakmoussi Harrak<\/b><span style=\"font-weight: 400;\">, est\u00e1 autorizando expresamente la utilizaci\u00f3n de sus datos para env\u00edo de comunicaciones comerciales, por cualquier medio (incluyente correo electr\u00f3nico), pudiendo anular esta autorizaci\u00f3n cuando lo desee, dirigi\u00e9ndose a <\/span><b>Abdeslam Nakmoussi Harrak<\/b><span style=\"font-weight: 400;\"> a trav\u00e9s de los medios establecidos.<\/span><\/p>\n<p><span style=\"font-weight: 400;\">A trav\u00e9s de esta Pol\u00edtica de Privacidad le informamos que las fotograf\u00edas que est\u00e9n colgadas en la web son propiedad de <\/span><b>Abdeslam Nakmoussi Harrak<\/b><span style=\"font-weight: 400;\">, incluyendo las de los menores, en las que, para la obtenci\u00f3n de estas, se ha obtenido el consentimiento previo de los padres, tutores o representantes legales mediante la firma de los formularios realizados al efecto por los centros en los cuales los menores forman parte. Sin embargo, los padres, tutores o representantes de los menores, como titulares del ejercicio de los derechos de estos, y siempre previo requerimiento formal por escrito, pueden indicar la negativa al uso de la imagen del menor; en este caso, la imagen se mostrar\u00e1 pixelada.<\/span><\/p>\n<p><b>EXACTITUD Y VERACIDAD DE LOS DATOS<\/b><\/p>\n<p><span style=\"font-weight: 400;\">El usuario es el \u00fanico responsable de la veracidad y correcci\u00f3n de los datos que remita a <\/span><b>Abdeslam Nakmoussi Harrak<\/b><span style=\"font-weight: 400;\">, exonerando al Prestador de cualquier responsabilidad al respeto. Los usuarios garantizan y responden, en cualquier caso, de la exactitud, vigencia y autenticidad de los datos personales facilitados, y se comprometen a mantenerlos debidamente actualizados. El usuario acepta proporcionar informaci\u00f3n completa y correcta en el formulario de registro o suscripci\u00f3n.<\/span><\/p>\n<p><b>CONTENIDO DE LA WEB I ENLACES (LINKS)<\/b><\/p>\n<p><b>Abdeslam Nakmoussi Harrak<\/b><span style=\"font-weight: 400;\"> se reserva el derecho a actualizar, modificar o eliminar la informaci\u00f3n contenida en la web, pudiendo, incluso, limitar o no permitir el acceso a la informaci\u00f3n.<\/span><\/p>\n<p><b>Abdeslam Nakmoussi Harrak<\/b><span style=\"font-weight: 400;\"> no asume ning\u00fan tipo de responsabilidad por la informaci\u00f3n contenida en las Webs de terceros a las que se pueda acceder por los \u00ablinks\u00bb o enlaces desde cualquier p\u00e1gina Web propiedad del Prestador.<\/span><\/p>\n<p><span style=\"font-weight: 400;\">La presencia de \u00ablinks\u00bb o enlaces s\u00f3lo tienen finalidad informativa y en ning\u00fan caso supone ninguna sugerencia, invitaci\u00f3n o reconocimiento sobre los mismos.<\/span><\/p>\n<p><b>ENV\u00cdO CV<\/b><\/p>\n<p><span style=\"font-weight: 400;\">En el supuesto de que el usuario env\u00ede su CV a trav\u00e9s de nuestra web, le informamos que los datos aportados ser\u00e1n tratados para hacerlo part\u00edcipe de los procesos de selecci\u00f3n que pueda haber, llevando a cabo un an\u00e1lisis del perfil del solicitante con el objetivo de seleccionar el mejor candidato para el lugar vacante del Responsable. Lo informamos que este es el \u00fanico procedimiento oficial para aceptar su curr\u00edculum, de forma que no se aceptar\u00e1n los curr\u00edculums remitidos por otro procedimiento diferente. En caso de producirse alguna modificaci\u00f3n en los datos, le rogamos nos lo comunique por escrito lo m\u00e1s ante posible, con objeto de mantener sus datos debidamente actualizados.<\/span><\/p>\n<p><span style=\"font-weight: 400;\">Los datos se conservar\u00e1n durante un plazo m\u00e1ximo de un a\u00f1o, transcurrido el cual se proceder\u00e1 a la supresi\u00f3n de los datos garantiz\u00e1ndole un total respecto a la confidencialidad tanto en el tratamiento como en su posterior destrucci\u00f3n. En este sentido, transcurrido el mencionado plazo, y si desea continuar participando en los procesos de selecci\u00f3n del Responsable, le rogamos nos remita nuevamente su curr\u00edculum.<\/span><\/p>\n<p><span style=\"font-weight: 400;\">Los datos se podr\u00e1n tratar y\/o comunicar a las empresas integrantes de nuestro grupo durante el tiempo de conservaci\u00f3n de su curr\u00edculum y para los mismos fines antes informados.<\/span><\/p>\n<p><b>SUBSCRIPCI\u00d3N AL BLOG DE Abdeslam Nakmoussi Harrak<\/b><\/p>\n<p><span style=\"font-weight: 400;\">En el supuesto de que el usuario se subscriba al blog, le informamos que los datos aportados ser\u00e1n tratados para gestionar su suscripci\u00f3n al blog informativo con aviso de actualizaci\u00f3n y que se conservar\u00e1n mientras haya un inter\u00e9s mutuo para mantener el fin del tratamiento. Cuando ya no sea necesario para tal fin, se suprimir\u00e1n con medidas de seguridad adecuadas para garantizar la seudonimizaci\u00f3n de los datos o destrucci\u00f3n total de los mismos. No se comunicar\u00e1n los datos a terceros, excepto obligaci\u00f3n legal.<\/span><\/p>\n<p><b>PARTICIPACI\u00d3N EN FOROS<\/b><\/p>\n<p><span style=\"font-weight: 400;\">En el supuesto de que el usuario quiera participar en los foros de la web, le informamos que los datos aportados ser\u00e1n tratados para regular la participaci\u00f3n en el mismo. Cualquier registro o transmisi\u00f3n de datos personales que el usuario de este foro facilite supone el conocimiento y aceptaci\u00f3n inequ\u00edvoca del Aviso Legal y la Pol\u00edtica de Privacidad expuestos en la p\u00e1gina web. Los datos se conservar\u00e1n mientras haya un inter\u00e9s mutuo para mantener el fin del tratamiento y cuando ya no sea necesario para tal fin, se suprimir\u00e1n con medidas de seguridad adecuadas para garantizar la seudonimizaci\u00f3n de los datos o destrucci\u00f3n total de los mismos. Las publicaciones se mostrar\u00e1n p\u00fablicamente a los usuarios del foro online.<\/span><\/p>\n<p><b>PUBLICACI\u00d3N DE SU TESTIMONIO<\/b><\/p>\n<p><span style=\"font-weight: 400;\">En el supuesto de que el usuario quiera publicar su opini\u00f3n en la web, le informamos que los datos aportados ser\u00e1n tratados ser\u00e1n para atender las sugerencias propuestas, experiencias u opiniones respecto de los productos y\/o servicios para ser publicadas en la p\u00e1gina web y as\u00ed poder ayudar a otros usuarios. Los datos se conservar\u00e1n mientras haya un inter\u00e9s mutuo para mantener el fin del tratamiento y cuando ya no sea necesario para tal fin, se suprimir\u00e1n con medidas de seguridad adecuadas para garantizar la seudonimizaci\u00f3n de los datos o destrucci\u00f3n total de los mismos. Los testigos se publicar\u00e1n en nuestra p\u00e1gina web. El \u00fanico dato personal que se publicar\u00e1 del testigo ser\u00e1 su nombre.<\/span><\/p>\n<p><b>CAMBIOS EN LA PRESENTE POL\u00cdTICA DE PRIVACIDAD<\/b><\/p>\n<p><b>Abdeslam Nakmoussi Harrak<\/b><span style=\"font-weight: 400;\"> se reserva el derecho a modificar la presente pol\u00edtica para adaptarla a novedades legislativas o jurisprudenciales.<\/span><\/p>\n<p><b>CORREOS COMERCIALES<\/b><\/p>\n<p><b>Abdeslam Nakmoussi Harrak<\/b><span style=\"font-weight: 400;\"> se reserva el derecho a modificar la presente pol\u00edtica para adaptarla a novedades legislativas o jurisprudenciales.<\/span><\/p>\n<p><b>CORREOS COMERCIALES<\/b><\/p>\n<p><span style=\"font-weight: 400;\">De acuerdo con la LSSICE, <\/span><b>Abdeslam Nakmoussi Harrak<\/b><span style=\"font-weight: 400;\"> no realiza pr\u00e1cticas de \u00a0SPAM, por lo tanto, no env\u00eda correos comerciales por e-mail que no hayan sido previamente solicitados o autorizados por el Usuario. En consecuencia, en cada uno de los formularios de la P\u00e1gina Web, el Usuario tiene la posibilidad de dar su consentimiento expreso para recibir nuestro Bolet\u00edn, con independencia de la informaci\u00f3n comercial puntualmente solicitada.<\/span><\/p>\n<p><b>LEGISLACI\u00d3N<\/b><\/p>\n<p><span style=\"font-weight: 400;\">A todos los efectos las relaciones entre <\/span><b>Abdeslam Nakmoussi Harrak<\/b><span style=\"font-weight: 400;\"> con los Usuarios de sus servicios telem\u00e1ticos, presentes en esta Web, est\u00e1n sometidos a la legislaci\u00f3n y jurisdicci\u00f3n espa\u00f1ola a la que se someten expresamente las partes, siendo competentes por la resoluci\u00f3n de todos los conflictos derivados o relacionados con su uso los Juzgados y Tribunales de Barcelona.<\/span><\/p>\n","protected":false},"excerpt":{"rendered":"<p>Pol\u00edtica de Privacidad En cumplimiento del Cap\u00edtulo II de la ley 34\/2002, LSSICE, los informamos que la presente p\u00e1gina web es propiedad de Abdeslam Nakmoussi Harrak, de ahora en adelante [&hellip;]<\/p>\n","protected":false},"author":5,"featured_media":0,"parent":0,"menu_order":0,"comment_status":"closed","ping_status":"closed","template":"","meta":{"_monsterinsights_skip_tracking":false,"_monsterinsights_sitenote_active":false,"_monsterinsights_sitenote_note":"","_monsterinsights_sitenote_category":0,"_genesis_hide_title":false,"_genesis_hide_breadcrumbs":false,"_genesis_hide_singular_image":false,"_genesis_hide_footer_widgets":false,"_genesis_custom_body_class":"","_genesis_custom_post_class":"","_genesis_layout":"","footnotes":""},"class_list":["post-180","page","type-page","status-publish","entry"],"yoast_head":"<!-- This site is optimized with the Yoast SEO plugin v26.0 - https:\/\/yoast.com\/wordpress\/plugins\/seo\/ -->\n<title>Pol\u00edtica de privacidad - NAKFIT bcn<\/title>\n<meta name=\"robots\" content=\"noindex, nofollow\" \/>\n<meta property=\"og:locale\" content=\"es_ES\" \/>\n<meta property=\"og:type\" content=\"article\" \/>\n<meta property=\"og:title\" content=\"Pol\u00edtica de privacidad - NAKFIT bcn\" \/>\n<meta property=\"og:description\" content=\"Pol\u00edtica de Privacidad En cumplimiento del Cap\u00edtulo II de la ley 34\/2002, LSSICE, los informamos que la presente p\u00e1gina web es propiedad de Abdeslam Nakmoussi Harrak, de ahora en adelante [&hellip;]\" \/>\n<meta property=\"og:url\" content=\"https:\/\/nakfitbcn.com\/es\/politica-de-privacidad\/\" \/>\n<meta property=\"og:site_name\" content=\"NAKFIT bcn\" \/>\n<meta name=\"twitter:card\" content=\"summary_large_image\" \/>\n<meta name=\"twitter:label1\" content=\"Tiempo de lectura\" \/>\n\t<meta name=\"twitter:data1\" content=\"11 minutos\" \/>\n<script type=\"application\/ld+json\" class=\"yoast-schema-graph\">{\"@context\":\"https:\/\/schema.org\",\"@graph\":[{\"@type\":\"WebPage\",\"@id\":\"https:\/\/nakfitbcn.com\/es\/politica-de-privacidad\/\",\"url\":\"https:\/\/nakfitbcn.com\/es\/politica-de-privacidad\/\",\"name\":\"Pol\u00edtica de privacidad - NAKFIT bcn\",\"isPartOf\":{\"@id\":\"https:\/\/nakfitbcn.com\/es\/#website\"},\"datePublished\":\"2018-02-04T15:34:47+00:00\",\"breadcrumb\":{\"@id\":\"https:\/\/nakfitbcn.com\/es\/politica-de-privacidad\/#breadcrumb\"},\"inLanguage\":\"es\",\"potentialAction\":[{\"@type\":\"ReadAction\",\"target\":[\"https:\/\/nakfitbcn.com\/es\/politica-de-privacidad\/\"]}]},{\"@type\":\"BreadcrumbList\",\"@id\":\"https:\/\/nakfitbcn.com\/es\/politica-de-privacidad\/#breadcrumb\",\"itemListElement\":[{\"@type\":\"ListItem\",\"position\":1,\"name\":\"Portada\",\"item\":\"https:\/\/nakfitbcn.com\/es\/\"},{\"@type\":\"ListItem\",\"position\":2,\"name\":\"Pol\u00edtica de privacidad\"}]},{\"@type\":\"WebSite\",\"@id\":\"https:\/\/nakfitbcn.com\/es\/#website\",\"url\":\"https:\/\/nakfitbcn.com\/es\/\",\"name\":\"NAKFIT bcn\",\"description\":\"Entrenador personal titulado en Barcelona. Entrenos al aire libre, en tu casa o tu oficina.\",\"publisher\":{\"@id\":\"https:\/\/nakfitbcn.com\/es\/#organization\"},\"potentialAction\":[{\"@type\":\"SearchAction\",\"target\":{\"@type\":\"EntryPoint\",\"urlTemplate\":\"https:\/\/nakfitbcn.com\/es\/?s={search_term_string}\"},\"query-input\":{\"@type\":\"PropertyValueSpecification\",\"valueRequired\":true,\"valueName\":\"search_term_string\"}}],\"inLanguage\":\"es\"},{\"@type\":\"Organization\",\"@id\":\"https:\/\/nakfitbcn.com\/es\/#organization\",\"name\":\"NAKFIT bcn\",\"url\":\"https:\/\/nakfitbcn.com\/es\/\",\"logo\":{\"@type\":\"ImageObject\",\"inLanguage\":\"es\",\"@id\":\"https:\/\/nakfitbcn.com\/es\/#\/schema\/logo\/image\/\",\"url\":\"https:\/\/nakfitbcn.com\/wp-content\/uploads\/2017\/07\/cropped-NAKFIT-vWEB_v1-1.jpg\",\"contentUrl\":\"https:\/\/nakfitbcn.com\/wp-content\/uploads\/2017\/07\/cropped-NAKFIT-vWEB_v1-1.jpg\",\"width\":500,\"height\":226,\"caption\":\"NAKFIT bcn\"},\"image\":{\"@id\":\"https:\/\/nakfitbcn.com\/es\/#\/schema\/logo\/image\/\"}}]}<\/script>\n<!-- \/ Yoast SEO plugin. -->","yoast_head_json":{"title":"Pol\u00edtica de privacidad - NAKFIT bcn","robots":{"index":"noindex","follow":"nofollow"},"og_locale":"es_ES","og_type":"article","og_title":"Pol\u00edtica de privacidad - NAKFIT bcn","og_description":"Pol\u00edtica de Privacidad En cumplimiento del Cap\u00edtulo II de la ley 34\/2002, LSSICE, los informamos que la presente p\u00e1gina web es propiedad de Abdeslam Nakmoussi Harrak, de ahora en adelante [&hellip;]","og_url":"https:\/\/nakfitbcn.com\/es\/politica-de-privacidad\/","og_site_name":"NAKFIT bcn","twitter_card":"summary_large_image","twitter_misc":{"Tiempo de lectura":"11 minutos"},"schema":{"@context":"https:\/\/schema.org","@graph":[{"@type":"WebPage","@id":"https:\/\/nakfitbcn.com\/es\/politica-de-privacidad\/","url":"https:\/\/nakfitbcn.com\/es\/politica-de-privacidad\/","name":"Pol\u00edtica de privacidad - NAKFIT bcn","isPartOf":{"@id":"https:\/\/nakfitbcn.com\/es\/#website"},"datePublished":"2018-02-04T15:34:47+00:00","breadcrumb":{"@id":"https:\/\/nakfitbcn.com\/es\/politica-de-privacidad\/#breadcrumb"},"inLanguage":"es","potentialAction":[{"@type":"ReadAction","target":["https:\/\/nakfitbcn.com\/es\/politica-de-privacidad\/"]}]},{"@type":"BreadcrumbList","@id":"https:\/\/nakfitbcn.com\/es\/politica-de-privacidad\/#breadcrumb","itemListElement":[{"@type":"ListItem","position":1,"name":"Portada","item":"https:\/\/nakfitbcn.com\/es\/"},{"@type":"ListItem","position":2,"name":"Pol\u00edtica de privacidad"}]},{"@type":"WebSite","@id":"https:\/\/nakfitbcn.com\/es\/#website","url":"https:\/\/nakfitbcn.com\/es\/","name":"NAKFIT bcn","description":"Entrenador personal titulado en Barcelona. Entrenos al aire libre, en tu casa o tu oficina.","publisher":{"@id":"https:\/\/nakfitbcn.com\/es\/#organization"},"potentialAction":[{"@type":"SearchAction","target":{"@type":"EntryPoint","urlTemplate":"https:\/\/nakfitbcn.com\/es\/?s={search_term_string}"},"query-input":{"@type":"PropertyValueSpecification","valueRequired":true,"valueName":"search_term_string"}}],"inLanguage":"es"},{"@type":"Organization","@id":"https:\/\/nakfitbcn.com\/es\/#organization","name":"NAKFIT bcn","url":"https:\/\/nakfitbcn.com\/es\/","logo":{"@type":"ImageObject","inLanguage":"es","@id":"https:\/\/nakfitbcn.com\/es\/#\/schema\/logo\/image\/","url":"https:\/\/nakfitbcn.com\/wp-content\/uploads\/2017\/07\/cropped-NAKFIT-vWEB_v1-1.jpg","contentUrl":"https:\/\/nakfitbcn.com\/wp-content\/uploads\/2017\/07\/cropped-NAKFIT-vWEB_v1-1.jpg","width":500,"height":226,"caption":"NAKFIT bcn"},"image":{"@id":"https:\/\/nakfitbcn.com\/es\/#\/schema\/logo\/image\/"}}]}},"_links":{"self":[{"href":"https:\/\/nakfitbcn.com\/es\/wp-json\/wp\/v2\/pages\/180","targetHints":{"allow":["GET"]}}],"collection":[{"href":"https:\/\/nakfitbcn.com\/es\/wp-json\/wp\/v2\/pages"}],"about":[{"href":"https:\/\/nakfitbcn.com\/es\/wp-json\/wp\/v2\/types\/page"}],"author":[{"embeddable":true,"href":"https:\/\/nakfitbcn.com\/es\/wp-json\/wp\/v2\/users\/5"}],"replies":[{"embeddable":true,"href":"https:\/\/nakfitbcn.com\/es\/wp-json\/wp\/v2\/comments?post=180"}],"version-history":[{"count":1,"href":"https:\/\/nakfitbcn.com\/es\/wp-json\/wp\/v2\/pages\/180\/revisions"}],"predecessor-version":[{"id":181,"href":"https:\/\/nakfitbcn.com\/es\/wp-json\/wp\/v2\/pages\/180\/revisions\/181"}],"wp:attachment":[{"href":"https:\/\/nakfitbcn.com\/es\/wp-json\/wp\/v2\/media?parent=180"}],"curies":[{"name":"wp","href":"https:\/\/api.w.org\/{rel}","templated":true}]}}